{"id":21,"date":"2026-03-11T21:03:00","date_gmt":"2026-03-11T14:03:00","guid":{"rendered":"https:\/\/ktech9.k-tech-services.com\/project602\/?page_id=21"},"modified":"2026-03-25T17:11:04","modified_gmt":"2026-03-25T10:11:04","slug":"gioi-thieu","status":"publish","type":"page","link":"https:\/\/ktech9.k-tech-services.com\/project602\/gioi-thieu\/","title":{"rendered":"Gi\u1edbi thi\u1ec7u"},"content":{"rendered":"\n\t<section class=\"section\" id=\"section_2059673680\">\n\t\t<div class=\"section-bg fill\" >\n\t\t\t<img loading=\"lazy\" decoding=\"async\" width=\"900\" height=\"600\" src=\"https:\/\/ktech9.k-tech-services.com\/project602\/wp-content\/uploads\/2026\/03\/Phu-Quoc-3-ngay-2-dem.jpg\" class=\"bg attachment- size-\" alt=\"\" \/>\t\t\t\t\t\t\n\t\t\t\n\n\t\t<\/div>\n\n\t\t\n\t<div class=\"ux-shape-divider ux-shape-divider--bottom ux-shape-divider--style-waves-opacity-3\">\n\t\t<svg viewBox=\"0 0 1000 300\" xmlns=\"http:\/\/www.w3.org\/2000\/svg\" preserveAspectRatio=\"none\">\n\t<path class=\"ux-shape-fill\" opacity=\"0.05\" d=\"M1014 264V386H206L34 300C34 300 344.42 277.16 436 221C542 156 590 160 704 209C811 255 899.11 214.94 979 346L1014 264Z\"\/>\n\t<path class=\"ux-shape-fill\" opacity=\"0.1\" d=\"M-302 55C-302 55 -66.73 263.25 50 214C178 160 283 116 353 141C445.68 174.1 534.28 256.19 588 249C692.9 235 764.52 75.94 855 131C940.61 183.09 1000 254 1000 254V328L-306 338L-302 55Z\"\/>\n\t<path class=\"ux-shape-fill\" opacity=\"0.15\" d=\"M-286 255C-286 255 -72 152 52 126C176 100 255 155 436 227C581.57 284.91 614.7 277.79 708 227C787 184 1009 3.0001 1093 164C1146 265.63 1031 293 1031 293L924 377L-288 389L-286 255Z\"\/>\n\t<path class=\"ux-shape-fill\" opacity=\"0.3\" d=\"M-24 69C-24 69 275.68 370.66 389 314C397 310 622 316 673 356C690.47 369.7 845 224 890 182C944.8 130.85 1018 92 1078 143C1154.12 207.7 1196 242 1196 242L1184 374L-28 386L-24 69Z\"\/>\n\t<path class=\"ux-shape-fill\" d=\"M-12 201C-12 201 58 284 182 258C306 232 342.29 221.23 456 264C565 305 640.82 288.36 721 249C776 222 837.5 191.31 935 253C984 284 1030 279 1030 279L1024 430L-12 440V201Z\"\/>\n<\/svg>\n\t<\/div>\n\n\t\t<div class=\"section-content relative\">\n\t\t\t\n\t<div id=\"text-3499651918\" class=\"text uppercase\">\n\t\t\n<h1><strong>Gi\u1edbi thi\u1ec7u<\/strong><\/h1>\n\t\t\n<style>\n#text-3499651918 {\n  font-size: 1.2rem;\n  text-align: center;\n  color: rgb(255,255,255);\n}\n#text-3499651918 > * {\n  color: rgb(255,255,255);\n}\n<\/style>\n\t<\/div>\n\t\n\t\t<\/div>\n\n\t\t\n<style>\n#section_2059673680 {\n  padding-top: 30px;\n  padding-bottom: 30px;\n  min-height: 200px;\n}\n#section_2059673680 .ux-shape-divider--bottom svg {\n  height: 150px;\n  --divider-width: 100%;\n}\n#section_2059673680 .ux-shape-divider--bottom .ux-shape-fill {\n  fill: rgb(206, 233, 250);\n}\n<\/style>\n\t<\/section>\n\t\n\n\t<section class=\"section\" id=\"section_1449223424\">\n\t\t<div class=\"section-bg fill\" >\n\t\t\t\t\t\t\t\t\t\n\t\t\t\n\n\t\t<\/div>\n\n\t\t\n\n\t\t<div class=\"section-content relative\">\n\t\t\t\n<div class=\"row\"  id=\"row-2050021560\">\n\n\t<div id=\"col-899215127\" class=\"col small-12 large-12\"  >\n\t\t\t\t<div class=\"col-inner\" style=\"background-color:rgb(255, 255, 255);\" >\n\t\t\t\n\t\t\t\n\t<div id=\"text-2589522881\" class=\"text\">\n\t\t\n<p><strong>Hulo Travel \u0111\u01b0\u1ee3c th\u00e0nh l\u1eadp n\u0103m 2025 v\u00e0o \u0111\u1ea7u thi\u00ean ni\u00ean k\u1ef7 m\u1edbi, \u0111\u00f3 c\u0169ng l\u00e0 l\u00fd do cho s\u1ef1 ra \u0111\u1eddi c\u1ee7a t\u00ean g\u1ecdi c\u1ee7a c\u00f4ng ty l\u00e0 Hulo Travel. K\u1ec3 t\u1eeb khi ra \u0111\u1eddi cho \u0111\u1ebfn nay, c\u00f4ng ty \u0111\u00e3 duy tr\u00ec s\u1ef1 ph\u00e1t tri\u1ec3n m\u1ea1nh m\u1ebd v\u00e0 nh\u1eadn \u0111\u01b0\u1ee3c s\u1ef1 tin y\u00eau c\u1ee7a Qu\u00fd kh\u00e1ch h\u00e0ng, Qu\u00fd \u0111\u1ed1i t\u00e1c.<\/strong><\/p>\n<p>Hulo Travel v\u1eabn lu\u00f4n n\u00e2ng cao ch\u1ea5t l\u01b0\u1ee3ng ph\u1ee5c v\u1ee5 Qu\u00fd du kh\u00e1ch m\u1ed7i ng\u00e0y. B\u00ean c\u1ea1nh c\u00e1c s\u1ea3n ph\u1ea9m ph\u1ed5 th\u00f4ng, Wanderwise c\u00f2n nghi\u00ean c\u1ee9u v\u00e0 ph\u00e1t tri\u1ec3n \u0111\u1ec3 \u0111\u01b0a v\u00e0o ph\u1ee5c v\u1ee5 nhi\u1ec1u tuy\u1ebfn tour du l\u1ecbch m\u1edbi, nhi\u1ec1u tr\u1ea3i nghi\u1ec7m \u0111\u1ed9c \u0111\u00e1o tr\u00ean c\u00e1c h\u00e0nh tr\u00ecnh du l\u1ecbch. V\u00e0 \u0111\u1eb7c bi\u1ec7t, kh\u00f4ng ch\u1ec9 d\u1eebng l\u1ea1i \u1edf c\u00e1c s\u1ea3n ph\u1ea9m d\u1ecbch v\u1ee5 du l\u1ecbch, Wanderwise c\u00f2n \u0111\u1eb7c bi\u1ec7t quan t\u00e2m \u0111\u1ebfn d\u1ecbch v\u1ee5 kh\u00e1ch h\u00e0ng tr\u01b0\u1edbc, trong v\u00e0 sau khi s\u1eed d\u1ee5ng d\u1ecbch v\u1ee5.<\/p>\n<p>Wanderwise lu\u00f4n n\u1eb1m trong top nh\u1eefng c\u00f4ng ty t\u1ed5 ch\u1ee9c tour du l\u1ecbch h\u00e0ng \u0111\u1ea7u t\u1ea1i Th\u00e0nh ph\u1ed1 H\u1ed3 Ch\u00ed Minh n\u00f3i ri\u00eang v\u00e0 Vi\u1ec7t Nam n\u00f3i ri\u00eang.<\/p>\n<p><strong>C\u00e1c s\u1ea3n ph\u1ea9m d\u1ecbch v\u1ee5 m\u00e0 Hulo Travel \u0111ang ph\u1ee5c v\u1ee5:<\/strong><\/p>\n<ul>\n<li>Tour du l\u1ecbch trong n\u01b0\u1edbc v\u00e0 n\u01b0\u1edbc ngo\u00e0i<\/li>\n<li>D\u1ecbch v\u1ee5 \u0111\u1eb7t v\u00e9 m\u00e1y bay<\/li>\n<li>D\u1ecbch v\u1ee5 thu\u00ea xe du l\u1ecbch<\/li>\n<li>D\u1ecbch v\u1ee5 \u0111\u1eb7t ph\u00f2ng kh\u00e1ch s\u1ea1n<\/li>\n<\/ul>\n\t\t\n<style>\n#text-2589522881 {\n  color: rgb(0,0,0);\n}\n#text-2589522881 > * {\n  color: rgb(0,0,0);\n}\n<\/style>\n\t<\/div>\n\t\n\t\t<\/div>\n\t\t\t\t\n<style>\n#col-899215127 > .col-inner {\n  padding: 30px 30px 30px 30px;\n  border-radius: 16px;\n}\n<\/style>\n\t<\/div>\n\n\t\n<\/div>\n\t\t<\/div>\n\n\t\t\n<style>\n#section_1449223424 {\n  padding-top: 30px;\n  padding-bottom: 30px;\n  background-color: rgb(206, 233, 250);\n}\n<\/style>\n\t<\/section>\n\t\n","protected":false},"excerpt":{"rendered":"","protected":false},"author":1,"featured_media":0,"parent":0,"menu_order":0,"comment_status":"closed","ping_status":"closed","template":"page-blank.php","meta":{"_acf_changed":false,"footnotes":""},"class_list":["post-21","page","type-page","status-publish","hentry"],"acf":[],"_links":{"self":[{"href":"https:\/\/ktech9.k-tech-services.com\/project602\/wp-json\/wp\/v2\/pages\/21","targetHints":{"allow":["GET"]}}],"collection":[{"href":"https:\/\/ktech9.k-tech-services.com\/project602\/wp-json\/wp\/v2\/pages"}],"about":[{"href":"https:\/\/ktech9.k-tech-services.com\/project602\/wp-json\/wp\/v2\/types\/page"}],"author":[{"embeddable":true,"href":"https:\/\/ktech9.k-tech-services.com\/project602\/wp-json\/wp\/v2\/users\/1"}],"replies":[{"embeddable":true,"href":"https:\/\/ktech9.k-tech-services.com\/project602\/wp-json\/wp\/v2\/comments?post=21"}],"version-history":[{"count":6,"href":"https:\/\/ktech9.k-tech-services.com\/project602\/wp-json\/wp\/v2\/pages\/21\/revisions"}],"predecessor-version":[{"id":236,"href":"https:\/\/ktech9.k-tech-services.com\/project602\/wp-json\/wp\/v2\/pages\/21\/revisions\/236"}],"wp:attachment":[{"href":"https:\/\/ktech9.k-tech-services.com\/project602\/wp-json\/wp\/v2\/media?parent=21"}],"curies":[{"name":"wp","href":"https:\/\/api.w.org\/{rel}","templated":true}]}}