{"id":229,"date":"2026-03-24T23:23:33","date_gmt":"2026-03-24T16:23:33","guid":{"rendered":"https:\/\/ktech9.k-tech-services.com\/project602\/?page_id=229"},"modified":"2026-04-01T22:45:21","modified_gmt":"2026-04-01T15:45:21","slug":"visa","status":"publish","type":"page","link":"https:\/\/ktech9.k-tech-services.com\/project602\/visa\/","title":{"rendered":"Visa"},"content":{"rendered":"\n\t<section class=\"section\" id=\"section_416866138\">\n\t\t<div class=\"section-bg fill\" >\n\t\t\t\t\t\t\t\t\t\n\t\t\t\n\n\t\t<\/div>\n\n\t\t\n\n\t\t<div class=\"section-content relative\">\n\t\t\t\n<div class=\"row\"  id=\"row-1680869618\">\n\n\t<div id=\"col-226287228\" class=\"col small-12 large-12\"  >\n\t\t\t\t<div class=\"col-inner\"  >\n\t\t\t\n\t\t\t\n\n\t<div class=\"pf\"\n\t\tid=\"pf-1\"\n\t\tdata-posts-per-page=\"12\"\n\t\tdata-current-page=\"1\"\n\t\tdata-id_cat_parent=\"32\"\n\t\tdata-sort=\"date-desc\"\n\t\tdata-price-max=\"800000\"\n\t\tdata-type-card=\"\"\n\t\tdata-nonce=\"6693a94616\"\n\t>\n\t\t\t\t<div class=\"pf-header\">\n\t\t\t<div class=\"pf-header__left\">\n\t\t\t\t<button class=\"pf-filter-btn js-pf-filter-btn\" type=\"button\" aria-expanded=\"false\" aria-controls=\"pf-1-panel\">\n\t\t\t\t\t<svg width=\"16\" height=\"16\" viewBox=\"0 0 16 16\" fill=\"none\" xmlns=\"http:\/\/www.w3.org\/2000\/svg\">\n            <path d=\"M14.0007 2.66797H9.33398\" stroke=\"#0A0A0A\" stroke-width=\"1.33333\" stroke-linecap=\"round\" stroke-linejoin=\"round\"\/>\n            <path d=\"M6.66667 2.66797H2\" stroke=\"#0A0A0A\" stroke-width=\"1.33333\" stroke-linecap=\"round\" stroke-linejoin=\"round\"\/>\n            <path d=\"M14 8H8\" stroke=\"#0A0A0A\" stroke-width=\"1.33333\" stroke-linecap=\"round\" stroke-linejoin=\"round\"\/>\n            <path d=\"M5.33333 8H2\" stroke=\"#0A0A0A\" stroke-width=\"1.33333\" stroke-linecap=\"round\" stroke-linejoin=\"round\"\/>\n            <path d=\"M13.9993 13.332H10.666\" stroke=\"#0A0A0A\" stroke-width=\"1.33333\" stroke-linecap=\"round\" stroke-linejoin=\"round\"\/>\n            <path d=\"M8 13.332H2\" stroke=\"#0A0A0A\" stroke-width=\"1.33333\" stroke-linecap=\"round\" stroke-linejoin=\"round\"\/>\n            <path d=\"M9.33398 1.33203V3.9987\" stroke=\"#0A0A0A\" stroke-width=\"1.33333\" stroke-linecap=\"round\" stroke-linejoin=\"round\"\/>\n            <path d=\"M5.33398 6.66797V9.33464\" stroke=\"#0A0A0A\" stroke-width=\"1.33333\" stroke-linecap=\"round\" stroke-linejoin=\"round\"\/>\n            <path d=\"M10.666 12V14.6667\" stroke=\"#0A0A0A\" stroke-width=\"1.33333\" stroke-linecap=\"round\" stroke-linejoin=\"round\"\/>\n          <\/svg>\n\t\t\t\t\tB\u1ed9 l\u1ecdc\n\t\t\t\t<\/button>\n\t\t\t<\/div>\n\t\t\t<div class=\"pf-header__right\">\n\t\t\t\t<span class=\"pf-topbar__label\">S\u1eafp x\u1ebfp theo<\/span>\n\t\t\t\t<select class=\"pf-sort\" aria-label=\"S\u1eafp x\u1ebfp s\u1ea3n ph\u1ea9m\">\n\t\t\t\t\t<option value=\"date-desc\">M\u1edbi nh\u1ea5t<\/option>\n\t\t\t\t\t<option value=\"price-asc\">Gi\u00e1 th\u1ea5p \u2192 cao<\/option>\n\t\t\t\t\t<option value=\"price-desc\">Gi\u00e1 cao \u2192 th\u1ea5p<\/option>\n\t\t\t\t\t<option value=\"popularity\">Ph\u1ed5 bi\u1ebfn nh\u1ea5t<\/option>\n\t\t\t\t\t<option value=\"rating\">\u0110\u00e1nh gi\u00e1 cao nh\u1ea5t<\/option>\n\t\t\t\t<\/select>\n\t\t\t<\/div>\n\t\t<\/div>\n\n    <div class=\"pf-topbar__count js-pf-count\">5 gi\u00e1 ph\u00f9 h\u1ee3p<\/div>\n\n\t\t\t\t<div class=\"pf-tags js-pf-tags\" aria-label=\"B\u1ed9 l\u1ecdc \u0111\u00e3 ch\u1ecdn\" style=\"display:none;\"><\/div>\n\n\t\t\t\t<div\n\t\t\tclass=\"pf-panel\"\n\t\t\tid=\"pf-1-panel\"\n\t\t\tstyle=\"display:none;\"\n\t\t\taria-hidden=\"true\"\n\t\t>\n\t\t\t\t\t\t\t\t\t<div class=\"pf-panel__section\">\n\t\t\t\t<h4 class=\"pf-panel__title\">Danh m\u1ee5c<\/h4>\n\t\t\t\t<div class=\"pf-panel__options\">\n\t\t\t\t\t\t\t\t\t\t<button class=\"pf-panel__opt\" type=\"button\"\n\t\t\t\t\t\tdata-filter-type=\"category\"\n\t\t\t\t\t\tdata-filter-id=\"34\"\n\t\t\t\t\t\tdata-filter-label=\"Visa g\u1ea5p\"\n\t\t\t\t\t\taria-pressed=\"false\"\n\t\t\t\t\t>\n\t\t\t\t\t\tVisa g\u1ea5p\t\t\t\t\t<\/button>\n\t\t\t\t\t\t\t\t\t\t<button class=\"pf-panel__opt\" type=\"button\"\n\t\t\t\t\t\tdata-filter-type=\"category\"\n\t\t\t\t\t\tdata-filter-id=\"33\"\n\t\t\t\t\t\tdata-filter-label=\"Visa th\u01b0\u1eddng\"\n\t\t\t\t\t\taria-pressed=\"false\"\n\t\t\t\t\t>\n\t\t\t\t\t\tVisa th\u01b0\u1eddng\t\t\t\t\t<\/button>\n\t\t\t\t\t\t\t\t\t<\/div>\n\t\t\t<\/div>\n\t\t\t\n\t\t\t\t\t\t<div class=\"pf-panel__section\">\n\t\t\t\t<h4 class=\"pf-panel__title\">Gi\u00e1<\/h4>\n\t\t\t\t<div class=\"pf-price-range\">\n\t\t\t\t\t<p class=\"pf-price-range__label\">\n\t\t\t\t\t\t<span class=\"js-pf-price-label\">\u20ab 0 - \u20ab 800.000<\/span>\n\t\t\t\t\t<\/p>\n\t\t\t\t\t<input class=\"pf-price-range__slider js-pf-price-slider\"\n\t\t\t\t\t\ttype=\"range\"\n\t\t\t\t\t\tmin=\"0\"\n\t\t\t\t\t\tmax=\"800000\"\n\t\t\t\t\t\tvalue=\"800000\"\n\t\t\t\t\t\tstep=\"8000\"\n\t\t\t\t\t\taria-label=\"Gi\u00e1 t\u1ed1i \u0111a\"\n\t\t\t\t\t>\n\t\t\t\t\t<div class=\"pf-price-range__minmax\">\n\t\t\t\t\t\t<span>\u20ab 0<\/span>\n\t\t\t\t\t\t<span>\u20ab 800.000<\/span>\n\t\t\t\t\t<\/div>\n\t\t\t\t<\/div>\n\t\t\t<\/div>\n\n\t\t\t\t\t\t<div class=\"pf-panel__footer\">\n\t\t\t\t<button class=\"pf-panel__clear js-pf-clear\" type=\"button\">X\u00f3a<\/button>\n\t\t\t\t<button class=\"pf-panel__apply js-pf-apply\" type=\"button\">L\u1ecdc k\u1ebft qu\u1ea3<\/button>\n\t\t\t<\/div>\n\t\t<\/div>\n\n\t\t\t\t<div class=\"pf-loading\" aria-hidden=\"true\">\n\t\t\t<span class=\"pf-loading__spinner\"><\/span>\n\t\t<\/div>\n\n\t\t\t\t<div class=\"pf-grid \" role=\"region\" aria-live=\"polite\" aria-label=\"Danh s\u00e1ch s\u1ea3n ph\u1ea9m\">\n\t\t\t\t<div class=\"product-card\">\n\t\t<!-- Image -->\n\t\t<a class=\"product-card__image-link\" href=\"https:\/\/ktech9.k-tech-services.com\/project602\/san-pham\/visa-trung-quoc-goi-thuong-5\/\">\n\t\t\t<div class=\"product-card__image\">\n\t\t\t\t<img decoding=\"async\" src=\"https:\/\/ktech9.k-tech-services.com\/project602\/wp-content\/uploads\/2026\/04\/d7ac72c8b25b843f4c4232055b6c1a2c5bf161f6-300x300.jpg\"\n\t\t\t\t\t alt=\"Visa Trung Qu\u1ed1c g\u00f3i th\u01b0\u1eddng\"\n\t\t\t\t\t loading=\"lazy\" \/>\n\t\t\t\t\t\t\t\t\t<!-- <span class=\"product-card__badge\">Sale<\/span> -->\n\t\t\t\t\t\t\t<\/div>\n\t\t<\/a>\n\n\t\t<!-- Body -->\n\t\t<div class=\"product-card__body\">\n\n\t\t\t<!-- Category -->\n\t\t\t\t\t\t\t<p class=\"product-card__category\">visa \u2022  Trung Qu\u1ed1c<\/p>\n\t\t\t\n\t\t\t<!-- Title -->\n\t\t\t<h3 class=\"product-card__title\">\n\t\t\t\t<a href=\"https:\/\/ktech9.k-tech-services.com\/project602\/san-pham\/visa-trung-quoc-goi-thuong-5\/\">Visa Trung Qu\u1ed1c g\u00f3i th\u01b0\u1eddng<\/a>\n\t\t\t<\/h3>\n\n\t\t\t<!-- Meta: duration placeholder -->\n\t\t\t<p class=\"product-card__duration\">3 Ng\u00e0y 4 \u0110\u00eam<\/p>\n\t\t\t<p class=\"product-card__description\">Tour combo with return airport transfer, City Tour, Curious Corner<\/p>\n\n\t\t\t<!-- Rating -->\n\t\t\t<div class=\"product-card__meta\">\n\t\t\t\t<span class=\"product-card__rating\">\n\t\t\t\t\t<span class=\"product-card__rating-star\">&#9733;<\/span>\n\t\t\t\t\t<span class=\"product-card__rating-score\">0.0<\/span>\n\t\t\t\t\t<span class=\"product-card__rating-count\">(0)<\/span>\n\t\t\t\t<\/span>\n\t\t\t\t<span class=\"product-card__divider\">\u2022<\/span>\n\t\t\t\t<span class=\"product-card__sold\">0+ \u0110\u00e3 \u0111\u01b0\u1ee3c \u0111\u1eb7t<\/span>\n\t\t\t<\/div>\n\n\t\t\t<!-- Price -->\n\t\t\t<div class=\"product-card__price\">\n\t\t\t\t\t\t\t\t<span class=\"product-card__price-label\">T\u1eeb <\/span>\n\t\t\t\t<span class=\"product-card__price-value\">720.863\u0111<\/span>\n\t\t\t<\/div>\n\n\t\t\t<!-- Tags -->\n\t\t\t\n\t\t<\/div><!-- \/.product-card__body -->\n\n\t<\/div><!-- \/.product-card -->\n\t\t<div class=\"product-card\">\n\t\t<!-- Image -->\n\t\t<a class=\"product-card__image-link\" href=\"https:\/\/ktech9.k-tech-services.com\/project602\/san-pham\/visa-trung-quoc-goi-thuong-4\/\">\n\t\t\t<div class=\"product-card__image\">\n\t\t\t\t<img decoding=\"async\" src=\"https:\/\/ktech9.k-tech-services.com\/project602\/wp-content\/uploads\/2026\/04\/d7ac72c8b25b843f4c4232055b6c1a2c5bf161f6-300x300.jpg\"\n\t\t\t\t\t alt=\"Visa Trung Qu\u1ed1c g\u00f3i th\u01b0\u1eddng\"\n\t\t\t\t\t loading=\"lazy\" \/>\n\t\t\t\t\t\t\t\t\t<!-- <span class=\"product-card__badge\">Sale<\/span> -->\n\t\t\t\t\t\t\t<\/div>\n\t\t<\/a>\n\n\t\t<!-- Body -->\n\t\t<div class=\"product-card__body\">\n\n\t\t\t<!-- Category -->\n\t\t\t\t\t\t\t<p class=\"product-card__category\">visa \u2022  Trung Qu\u1ed1c<\/p>\n\t\t\t\n\t\t\t<!-- Title -->\n\t\t\t<h3 class=\"product-card__title\">\n\t\t\t\t<a href=\"https:\/\/ktech9.k-tech-services.com\/project602\/san-pham\/visa-trung-quoc-goi-thuong-4\/\">Visa Trung Qu\u1ed1c g\u00f3i th\u01b0\u1eddng<\/a>\n\t\t\t<\/h3>\n\n\t\t\t<!-- Meta: duration placeholder -->\n\t\t\t<p class=\"product-card__duration\">3 Ng\u00e0y 4 \u0110\u00eam<\/p>\n\t\t\t<p class=\"product-card__description\">Tour combo with return airport transfer, City Tour, Curious Corner<\/p>\n\n\t\t\t<!-- Rating -->\n\t\t\t<div class=\"product-card__meta\">\n\t\t\t\t<span class=\"product-card__rating\">\n\t\t\t\t\t<span class=\"product-card__rating-star\">&#9733;<\/span>\n\t\t\t\t\t<span class=\"product-card__rating-score\">0.0<\/span>\n\t\t\t\t\t<span class=\"product-card__rating-count\">(0)<\/span>\n\t\t\t\t<\/span>\n\t\t\t\t<span class=\"product-card__divider\">\u2022<\/span>\n\t\t\t\t<span class=\"product-card__sold\">0+ \u0110\u00e3 \u0111\u01b0\u1ee3c \u0111\u1eb7t<\/span>\n\t\t\t<\/div>\n\n\t\t\t<!-- Price -->\n\t\t\t<div class=\"product-card__price\">\n\t\t\t\t\t\t\t\t<span class=\"product-card__price-label\">T\u1eeb <\/span>\n\t\t\t\t<span class=\"product-card__price-value\">720.863\u0111<\/span>\n\t\t\t<\/div>\n\n\t\t\t<!-- Tags -->\n\t\t\t\n\t\t<\/div><!-- \/.product-card__body -->\n\n\t<\/div><!-- \/.product-card -->\n\t\t<div class=\"product-card\">\n\t\t<!-- Image -->\n\t\t<a class=\"product-card__image-link\" href=\"https:\/\/ktech9.k-tech-services.com\/project602\/san-pham\/visa-trung-quoc-goi-thuong-3\/\">\n\t\t\t<div class=\"product-card__image\">\n\t\t\t\t<img decoding=\"async\" src=\"https:\/\/ktech9.k-tech-services.com\/project602\/wp-content\/uploads\/2026\/04\/d7ac72c8b25b843f4c4232055b6c1a2c5bf161f6-300x300.jpg\"\n\t\t\t\t\t alt=\"Visa Trung Qu\u1ed1c g\u00f3i th\u01b0\u1eddng\"\n\t\t\t\t\t loading=\"lazy\" \/>\n\t\t\t\t\t\t\t\t\t<!-- <span class=\"product-card__badge\">Sale<\/span> -->\n\t\t\t\t\t\t\t<\/div>\n\t\t<\/a>\n\n\t\t<!-- Body -->\n\t\t<div class=\"product-card__body\">\n\n\t\t\t<!-- Category -->\n\t\t\t\t\t\t\t<p class=\"product-card__category\">visa \u2022  Trung Qu\u1ed1c<\/p>\n\t\t\t\n\t\t\t<!-- Title -->\n\t\t\t<h3 class=\"product-card__title\">\n\t\t\t\t<a href=\"https:\/\/ktech9.k-tech-services.com\/project602\/san-pham\/visa-trung-quoc-goi-thuong-3\/\">Visa Trung Qu\u1ed1c g\u00f3i th\u01b0\u1eddng<\/a>\n\t\t\t<\/h3>\n\n\t\t\t<!-- Meta: duration placeholder -->\n\t\t\t<p class=\"product-card__duration\">3 Ng\u00e0y 4 \u0110\u00eam<\/p>\n\t\t\t<p class=\"product-card__description\">Tour combo with return airport transfer, City Tour, Curious Corner<\/p>\n\n\t\t\t<!-- Rating -->\n\t\t\t<div class=\"product-card__meta\">\n\t\t\t\t<span class=\"product-card__rating\">\n\t\t\t\t\t<span class=\"product-card__rating-star\">&#9733;<\/span>\n\t\t\t\t\t<span class=\"product-card__rating-score\">0.0<\/span>\n\t\t\t\t\t<span class=\"product-card__rating-count\">(0)<\/span>\n\t\t\t\t<\/span>\n\t\t\t\t<span class=\"product-card__divider\">\u2022<\/span>\n\t\t\t\t<span class=\"product-card__sold\">0+ \u0110\u00e3 \u0111\u01b0\u1ee3c \u0111\u1eb7t<\/span>\n\t\t\t<\/div>\n\n\t\t\t<!-- Price -->\n\t\t\t<div class=\"product-card__price\">\n\t\t\t\t\t\t\t\t<span class=\"product-card__price-label\">T\u1eeb <\/span>\n\t\t\t\t<span class=\"product-card__price-value\">720.863\u0111<\/span>\n\t\t\t<\/div>\n\n\t\t\t<!-- Tags -->\n\t\t\t\n\t\t<\/div><!-- \/.product-card__body -->\n\n\t<\/div><!-- \/.product-card -->\n\t\t<div class=\"product-card\">\n\t\t<!-- Image -->\n\t\t<a class=\"product-card__image-link\" href=\"https:\/\/ktech9.k-tech-services.com\/project602\/san-pham\/visa-trung-quoc-goi-thuong-2\/\">\n\t\t\t<div class=\"product-card__image\">\n\t\t\t\t<img decoding=\"async\" src=\"https:\/\/ktech9.k-tech-services.com\/project602\/wp-content\/uploads\/2026\/04\/d7ac72c8b25b843f4c4232055b6c1a2c5bf161f6-300x300.jpg\"\n\t\t\t\t\t alt=\"Visa Trung Qu\u1ed1c g\u00f3i th\u01b0\u1eddng\"\n\t\t\t\t\t loading=\"lazy\" \/>\n\t\t\t\t\t\t\t\t\t<!-- <span class=\"product-card__badge\">Sale<\/span> -->\n\t\t\t\t\t\t\t<\/div>\n\t\t<\/a>\n\n\t\t<!-- Body -->\n\t\t<div class=\"product-card__body\">\n\n\t\t\t<!-- Category -->\n\t\t\t\t\t\t\t<p class=\"product-card__category\">visa \u2022  Trung Qu\u1ed1c<\/p>\n\t\t\t\n\t\t\t<!-- Title -->\n\t\t\t<h3 class=\"product-card__title\">\n\t\t\t\t<a href=\"https:\/\/ktech9.k-tech-services.com\/project602\/san-pham\/visa-trung-quoc-goi-thuong-2\/\">Visa Trung Qu\u1ed1c g\u00f3i th\u01b0\u1eddng<\/a>\n\t\t\t<\/h3>\n\n\t\t\t<!-- Meta: duration placeholder -->\n\t\t\t<p class=\"product-card__duration\">3 Ng\u00e0y 4 \u0110\u00eam<\/p>\n\t\t\t<p class=\"product-card__description\">Tour combo with return airport transfer, City Tour, Curious Corner<\/p>\n\n\t\t\t<!-- Rating -->\n\t\t\t<div class=\"product-card__meta\">\n\t\t\t\t<span class=\"product-card__rating\">\n\t\t\t\t\t<span class=\"product-card__rating-star\">&#9733;<\/span>\n\t\t\t\t\t<span class=\"product-card__rating-score\">0.0<\/span>\n\t\t\t\t\t<span class=\"product-card__rating-count\">(0)<\/span>\n\t\t\t\t<\/span>\n\t\t\t\t<span class=\"product-card__divider\">\u2022<\/span>\n\t\t\t\t<span class=\"product-card__sold\">0+ \u0110\u00e3 \u0111\u01b0\u1ee3c \u0111\u1eb7t<\/span>\n\t\t\t<\/div>\n\n\t\t\t<!-- Price -->\n\t\t\t<div class=\"product-card__price\">\n\t\t\t\t\t\t\t\t<span class=\"product-card__price-label\">T\u1eeb <\/span>\n\t\t\t\t<span class=\"product-card__price-value\">720.863\u0111<\/span>\n\t\t\t<\/div>\n\n\t\t\t<!-- Tags -->\n\t\t\t\n\t\t<\/div><!-- \/.product-card__body -->\n\n\t<\/div><!-- \/.product-card -->\n\t\t<div class=\"product-card\">\n\t\t<!-- Image -->\n\t\t<a class=\"product-card__image-link\" href=\"https:\/\/ktech9.k-tech-services.com\/project602\/san-pham\/visa-trung-quoc-goi-thuong\/\">\n\t\t\t<div class=\"product-card__image\">\n\t\t\t\t<img decoding=\"async\" src=\"https:\/\/ktech9.k-tech-services.com\/project602\/wp-content\/uploads\/2026\/04\/d7ac72c8b25b843f4c4232055b6c1a2c5bf161f6-300x300.jpg\"\n\t\t\t\t\t alt=\"Visa Trung Qu\u1ed1c g\u00f3i th\u01b0\u1eddng\"\n\t\t\t\t\t loading=\"lazy\" \/>\n\t\t\t\t\t\t\t\t\t<!-- <span class=\"product-card__badge\">Sale<\/span> -->\n\t\t\t\t\t\t\t<\/div>\n\t\t<\/a>\n\n\t\t<!-- Body -->\n\t\t<div class=\"product-card__body\">\n\n\t\t\t<!-- Category -->\n\t\t\t\t\t\t\t<p class=\"product-card__category\">visa \u2022  Trung Qu\u1ed1c<\/p>\n\t\t\t\n\t\t\t<!-- Title -->\n\t\t\t<h3 class=\"product-card__title\">\n\t\t\t\t<a href=\"https:\/\/ktech9.k-tech-services.com\/project602\/san-pham\/visa-trung-quoc-goi-thuong\/\">Visa Trung Qu\u1ed1c g\u00f3i th\u01b0\u1eddng<\/a>\n\t\t\t<\/h3>\n\n\t\t\t<!-- Meta: duration placeholder -->\n\t\t\t<p class=\"product-card__duration\">3 Ng\u00e0y 4 \u0110\u00eam<\/p>\n\t\t\t<p class=\"product-card__description\">Tour combo with return airport transfer, City Tour, Curious Corner<\/p>\n\n\t\t\t<!-- Rating -->\n\t\t\t<div class=\"product-card__meta\">\n\t\t\t\t<span class=\"product-card__rating\">\n\t\t\t\t\t<span class=\"product-card__rating-star\">&#9733;<\/span>\n\t\t\t\t\t<span class=\"product-card__rating-score\">0.0<\/span>\n\t\t\t\t\t<span class=\"product-card__rating-count\">(0)<\/span>\n\t\t\t\t<\/span>\n\t\t\t\t<span class=\"product-card__divider\">\u2022<\/span>\n\t\t\t\t<span class=\"product-card__sold\">0+ \u0110\u00e3 \u0111\u01b0\u1ee3c \u0111\u1eb7t<\/span>\n\t\t\t<\/div>\n\n\t\t\t<!-- Price -->\n\t\t\t<div class=\"product-card__price\">\n\t\t\t\t\t\t\t\t<span class=\"product-card__price-label\">T\u1eeb <\/span>\n\t\t\t\t<span class=\"product-card__price-value\">720.863\u0111<\/span>\n\t\t\t<\/div>\n\n\t\t\t<!-- Tags -->\n\t\t\t\n\t\t<\/div><!-- \/.product-card__body -->\n\n\t<\/div><!-- \/.product-card -->\n\t\t\t<\/div>\n\n\t\t<div class=\"pf-pagination-wrap\">\n\t\t\t\t\t<\/div>\n\t<\/div>\n\t\n\n\t\t<\/div>\n\t\t\t\t\t<\/div>\n\n\t\n<\/div>\n\t\t<\/div>\n\n\t\t\n<style>\n#section_416866138 {\n  padding-top: 30px;\n  padding-bottom: 30px;\n}\n<\/style>\n\t<\/section>\n\t\n","protected":false},"excerpt":{"rendered":"","protected":false},"author":1,"featured_media":0,"parent":0,"menu_order":0,"comment_status":"closed","ping_status":"closed","template":"page-blank.php","meta":{"_acf_changed":false,"footnotes":""},"class_list":["post-229","page","type-page","status-publish","hentry"],"acf":[],"_links":{"self":[{"href":"https:\/\/ktech9.k-tech-services.com\/project602\/wp-json\/wp\/v2\/pages\/229","targetHints":{"allow":["GET"]}}],"collection":[{"href":"https:\/\/ktech9.k-tech-services.com\/project602\/wp-json\/wp\/v2\/pages"}],"about":[{"href":"https:\/\/ktech9.k-tech-services.com\/project602\/wp-json\/wp\/v2\/types\/page"}],"author":[{"embeddable":true,"href":"https:\/\/ktech9.k-tech-services.com\/project602\/wp-json\/wp\/v2\/users\/1"}],"replies":[{"embeddable":true,"href":"https:\/\/ktech9.k-tech-services.com\/project602\/wp-json\/wp\/v2\/comments?post=229"}],"version-history":[{"count":3,"href":"https:\/\/ktech9.k-tech-services.com\/project602\/wp-json\/wp\/v2\/pages\/229\/revisions"}],"predecessor-version":[{"id":255,"href":"https:\/\/ktech9.k-tech-services.com\/project602\/wp-json\/wp\/v2\/pages\/229\/revisions\/255"}],"wp:attachment":[{"href":"https:\/\/ktech9.k-tech-services.com\/project602\/wp-json\/wp\/v2\/media?parent=229"}],"curies":[{"name":"wp","href":"https:\/\/api.w.org\/{rel}","templated":true}]}}