{"id":23,"date":"2026-03-11T21:03:12","date_gmt":"2026-03-11T14:03:12","guid":{"rendered":"https:\/\/ktech9.k-tech-services.com\/project602\/?page_id=23"},"modified":"2026-04-05T22:44:56","modified_gmt":"2026-04-05T15:44:56","slug":"kham-pha","status":"publish","type":"page","link":"https:\/\/ktech9.k-tech-services.com\/project602\/kham-pha\/","title":{"rendered":"Kh\u00e1m ph\u00e1"},"content":{"rendered":"\n\t<section class=\"section khampha-sec-1\" id=\"section_51746019\">\n\t\t<div class=\"section-bg fill\" >\n\t\t\t\t\t\t\t\t\t\n\t\t\t\n\n\t\t<\/div>\n\n\t\t\n\n\t\t<div class=\"section-content relative\">\n\t\t\t\n<div class=\"row\"  id=\"row-33724823\">\n\n\t<div id=\"col-2043697914\" class=\"col small-12 large-12\"  >\n\t\t\t\t<div class=\"col-inner\"  >\n\t\t\t\n\t\t\t\n\t<div id=\"text-2891835541\" class=\"text heading-section\">\n\t\t\n<h2>C\u00e1c b\u00e0i vi\u1ebft n\u1ed5i b\u1eadt<\/h2>\n\t\t\t<\/div>\n\t\n\t\t<\/div>\n\t\t\t\t\t<\/div>\n\n\t\n<\/div>\n<div class=\"row\"  id=\"row-532953764\">\n\n\t<div id=\"col-1245911855\" class=\"col small-12 large-12\"  >\n\t\t\t\t<div class=\"col-inner\"  >\n\t\t\t\n\t\t\t\n\n\t<section class=\"blog-layout\" aria-label=\"Blog posts\">\n\n\t\t\t\t<div class=\"blog-layout__left\">\n\t\t\t<article\n\t\t\t\tclass=\"blog-layout__featured\"\n\t\t\t\tstyle=\"background-image: url('https:\/\/ktech9.k-tech-services.com\/project602\/wp-content\/uploads\/2026\/03\/2503a2b590e213ef794f2c5efd65cb11340bcc85.jpg');\"\n\t\t\t\taria-label=\"B\u1ed1i c\u1ea3nh t\u00e0i ch\u00ednh to\u00e0n c\u1ea7u v\u00e0 nh\u1eefng t\u00e1c \u0111\u1ed9ng c\u1ee7a n\u00f3 \u0111\u1ed1i v\u1edbi t\u1ea5t c\u1ea3 m\u1ecdi ng\u01b0\u1eddi\"\n\t\t\t>\n\t\t\t\t<a class=\"blog-layout__featured-link\" href=\"https:\/\/ktech9.k-tech-services.com\/project602\/boi-canh-tai-chinh-toan-cau-va-nhung-tac-dong-cua-no-doi-voi-tat-ca-moi-nguoi-3\/\" aria-label=\"B\u1ed1i c\u1ea3nh t\u00e0i ch\u00ednh to\u00e0n c\u1ea7u v\u00e0 nh\u1eefng t\u00e1c \u0111\u1ed9ng c\u1ee7a n\u00f3 \u0111\u1ed1i v\u1edbi t\u1ea5t c\u1ea3 m\u1ecdi ng\u01b0\u1eddi\"><\/a>\n\t\t\t\t<div class=\"blog-layout__featured-overlay\"><\/div>\n\t\t\t\t<div class=\"blog-layout__featured-body\">\n\t\t\t\t\t<span class=\"blog-layout__date-badge\">24\/03\/26<\/span>\n\t\t\t\t\t<h2 class=\"blog-layout__featured-title\">\n\t\t\t\t\t\t<a href=\"https:\/\/ktech9.k-tech-services.com\/project602\/boi-canh-tai-chinh-toan-cau-va-nhung-tac-dong-cua-no-doi-voi-tat-ca-moi-nguoi-3\/\">B\u1ed1i c\u1ea3nh t\u00e0i ch\u00ednh to\u00e0n c\u1ea7u v\u00e0 nh\u1eefng t\u00e1c \u0111\u1ed9ng c\u1ee7a n\u00f3 \u0111\u1ed1i v\u1edbi t\u1ea5t c\u1ea3 m\u1ecdi ng\u01b0\u1eddi<\/a>\n\t\t\t\t\t<\/h2>\n\t\t\t\t\t<p class=\"blog-layout__featured-author\">\n\t\t\t\t\t\tT\u00e1c gi\u1ea3:\t\t\t\t\t\t<span>admin<\/span>\n\t\t\t\t\t<\/p>\n\t\t\t\t<\/div>\n\t\t\t<\/article>\n\t\t<\/div>\n\n\t\t\t\t\t\t<div class=\"blog-layout__right\">\n\t\t\t\t\t\t<article class=\"blog-layout__item\">\n\t\t\t\t\t\t\t\t<a class=\"blog-layout__item-thumb\" href=\"https:\/\/ktech9.k-tech-services.com\/project602\/boi-canh-tai-chinh-toan-cau-va-nhung-tac-dong-cua-no-doi-voi-tat-ca-moi-nguoi-2\/\" tabindex=\"-1\" aria-hidden=\"true\">\n\t\t\t\t\t<img\n\t\t\t\t\t\tsrc=\"https:\/\/ktech9.k-tech-services.com\/project602\/wp-content\/uploads\/2026\/03\/23ddbba9f0a23ccce5ff0f9b515658927d6a5f71-300x200.jpg\"\n\t\t\t\t\t\talt=\"B\u1ed1i c\u1ea3nh t\u00e0i ch\u00ednh to\u00e0n c\u1ea7u v\u00e0 nh\u1eefng t\u00e1c \u0111\u1ed9ng c\u1ee7a n\u00f3 \u0111\u1ed1i v\u1edbi t\u1ea5t c\u1ea3 m\u1ecdi ng\u01b0\u1eddi\"\n\t\t\t\t\t\tloading=\"lazy\"\n\t\t\t\t\t\twidth=\"120\"\n\t\t\t\t\t\theight=\"90\"\n\t\t\t\t\t>\n\t\t\t\t<\/a>\n\t\t\t\t\t\t\t\t<div class=\"blog-layout__item-body\">\n\t\t\t\t\t<p class=\"blog-layout__item-meta\">\n\t\t\t\t\t\t<span class=\"blog-layout__item-author\">admin<\/span>\n\t\t\t\t\t\t<span class=\"blog-layout__item-sep\" aria-hidden=\"true\">\u2014<\/span>\n\t\t\t\t\t\t<time class=\"blog-layout__item-date\" datetime=\"2026-03-24T19:15:16+07:00\">\n\t\t\t\t\t\t\t24 Th\u00e1ng 3, 2026\t\t\t\t\t\t<\/time>\n\t\t\t\t\t<\/p>\n\t\t\t\t\t<h3 class=\"blog-layout__item-title\">\n\t\t\t\t\t\t<a href=\"https:\/\/ktech9.k-tech-services.com\/project602\/boi-canh-tai-chinh-toan-cau-va-nhung-tac-dong-cua-no-doi-voi-tat-ca-moi-nguoi-2\/\">B\u1ed1i c\u1ea3nh t\u00e0i ch\u00ednh to\u00e0n c\u1ea7u v\u00e0 nh\u1eefng t\u00e1c \u0111\u1ed9ng c\u1ee7a n\u00f3 \u0111\u1ed1i v\u1edbi t\u1ea5t c\u1ea3 m\u1ecdi ng\u01b0\u1eddi<\/a>\n\t\t\t\t\t<\/h3>\n\t\t\t\t<\/div>\n\t\t\t<\/article>\n\t\t\t\t\t\t<article class=\"blog-layout__item\">\n\t\t\t\t\t\t\t\t<a class=\"blog-layout__item-thumb\" href=\"https:\/\/ktech9.k-tech-services.com\/project602\/boi-canh-tai-chinh-toan-cau-va-nhung-tac-dong-cua-no-doi-voi-tat-ca-moi-nguoi\/\" tabindex=\"-1\" aria-hidden=\"true\">\n\t\t\t\t\t<img\n\t\t\t\t\t\tsrc=\"https:\/\/ktech9.k-tech-services.com\/project602\/wp-content\/uploads\/2026\/03\/7d3c50eb595a19788d2cf12a9273e319c382e6a3-300x200.jpg\"\n\t\t\t\t\t\talt=\"B\u1ed1i c\u1ea3nh t\u00e0i ch\u00ednh to\u00e0n c\u1ea7u v\u00e0 nh\u1eefng t\u00e1c \u0111\u1ed9ng c\u1ee7a n\u00f3 \u0111\u1ed1i v\u1edbi t\u1ea5t c\u1ea3 m\u1ecdi ng\u01b0\u1eddi\"\n\t\t\t\t\t\tloading=\"lazy\"\n\t\t\t\t\t\twidth=\"120\"\n\t\t\t\t\t\theight=\"90\"\n\t\t\t\t\t>\n\t\t\t\t<\/a>\n\t\t\t\t\t\t\t\t<div class=\"blog-layout__item-body\">\n\t\t\t\t\t<p class=\"blog-layout__item-meta\">\n\t\t\t\t\t\t<span class=\"blog-layout__item-author\">admin<\/span>\n\t\t\t\t\t\t<span class=\"blog-layout__item-sep\" aria-hidden=\"true\">\u2014<\/span>\n\t\t\t\t\t\t<time class=\"blog-layout__item-date\" datetime=\"2026-03-24T19:14:45+07:00\">\n\t\t\t\t\t\t\t24 Th\u00e1ng 3, 2026\t\t\t\t\t\t<\/time>\n\t\t\t\t\t<\/p>\n\t\t\t\t\t<h3 class=\"blog-layout__item-title\">\n\t\t\t\t\t\t<a href=\"https:\/\/ktech9.k-tech-services.com\/project602\/boi-canh-tai-chinh-toan-cau-va-nhung-tac-dong-cua-no-doi-voi-tat-ca-moi-nguoi\/\">B\u1ed1i c\u1ea3nh t\u00e0i ch\u00ednh to\u00e0n c\u1ea7u v\u00e0 nh\u1eefng t\u00e1c \u0111\u1ed9ng c\u1ee7a n\u00f3 \u0111\u1ed1i v\u1edbi t\u1ea5t c\u1ea3 m\u1ecdi ng\u01b0\u1eddi<\/a>\n\t\t\t\t\t<\/h3>\n\t\t\t\t<\/div>\n\t\t\t<\/article>\n\t\t\t\t\t\t<article class=\"blog-layout__item\">\n\t\t\t\t\t\t\t\t<a class=\"blog-layout__item-thumb\" href=\"https:\/\/ktech9.k-tech-services.com\/project602\/hieu-biet-ve-cac-phong-trao-xa-hoi-dang-dinh-hinh-the-gioi-cua-chung-ta-hom-nay\/\" tabindex=\"-1\" aria-hidden=\"true\">\n\t\t\t\t\t<img\n\t\t\t\t\t\tsrc=\"https:\/\/ktech9.k-tech-services.com\/project602\/wp-content\/uploads\/2026\/03\/c49883c87636b43265dda71f0d241355a4ccec0b-240x300.jpg\"\n\t\t\t\t\t\talt=\"Hi\u1ec3u bi\u1ebft v\u1ec1 c\u00e1c phong tr\u00e0o x\u00e3 h\u1ed9i \u0111ang \u0111\u1ecbnh h\u00ecnh th\u1ebf gi\u1edbi c\u1ee7a ch\u00fang ta h\u00f4m nay\"\n\t\t\t\t\t\tloading=\"lazy\"\n\t\t\t\t\t\twidth=\"120\"\n\t\t\t\t\t\theight=\"90\"\n\t\t\t\t\t>\n\t\t\t\t<\/a>\n\t\t\t\t\t\t\t\t<div class=\"blog-layout__item-body\">\n\t\t\t\t\t<p class=\"blog-layout__item-meta\">\n\t\t\t\t\t\t<span class=\"blog-layout__item-author\">admin<\/span>\n\t\t\t\t\t\t<span class=\"blog-layout__item-sep\" aria-hidden=\"true\">\u2014<\/span>\n\t\t\t\t\t\t<time class=\"blog-layout__item-date\" datetime=\"2026-03-24T19:14:02+07:00\">\n\t\t\t\t\t\t\t24 Th\u00e1ng 3, 2026\t\t\t\t\t\t<\/time>\n\t\t\t\t\t<\/p>\n\t\t\t\t\t<h3 class=\"blog-layout__item-title\">\n\t\t\t\t\t\t<a href=\"https:\/\/ktech9.k-tech-services.com\/project602\/hieu-biet-ve-cac-phong-trao-xa-hoi-dang-dinh-hinh-the-gioi-cua-chung-ta-hom-nay\/\">Hi\u1ec3u bi\u1ebft v\u1ec1 c\u00e1c phong tr\u00e0o x\u00e3 h\u1ed9i \u0111ang \u0111\u1ecbnh h\u00ecnh th\u1ebf gi\u1edbi c\u1ee7a ch\u00fang ta h\u00f4m nay<\/a>\n\t\t\t\t\t<\/h3>\n\t\t\t\t<\/div>\n\t\t\t<\/article>\n\t\t\t\t\t<\/div>\n\t\t\n\t<\/section>\n\t\n\n\t\t<\/div>\n\t\t\t\t\t<\/div>\n\n\t\n<\/div>\n\t\t<\/div>\n\n\t\t\n<style>\n#section_51746019 {\n  padding-top: 30px;\n  padding-bottom: 30px;\n}\n<\/style>\n\t<\/section>\n\t\n\n\t<section class=\"section khampha-sec-2\" id=\"section_261386506\">\n\t\t<div class=\"section-bg fill\" >\n\t\t\t\t\t\t\t\t\t\n\t\t\t\n\n\t\t<\/div>\n\n\t\t\n\n\t\t<div class=\"section-content relative\">\n\t\t\t\n<div class=\"row\"  id=\"row-347615005\">\n\n\t<div id=\"col-1642599714\" class=\"col small-12 large-12\"  >\n\t\t\t\t<div class=\"col-inner\"  >\n\t\t\t\n\t\t\t\n\t<div id=\"text-3354209772\" class=\"text heading-section\">\n\t\t\n<h2>T\u1ea5t c\u1ea3 b\u00e0i vi\u1ebft<\/h2>\n\t\t\t<\/div>\n\t\n\t\t<\/div>\n\t\t\t\t\t<\/div>\n\n\t\n<\/div>\n<div class=\"row\"  id=\"row-698216394\">\n\n\t<div id=\"col-1514883093\" class=\"col small-12 large-12\"  >\n\t\t\t\t<div class=\"col-inner\"  >\n\t\t\t\n\t\t\t\n\n\t<div class=\"bf\"\n\t\tid=\"blogs-filter-1\"\n\t\tdata-posts-per-page=\"8\"\n\t\tdata-taxonomy=\"category\"\n\t\tdata-current-term=\"0\"\n\t\tdata-current-page=\"1\"\n\t\tdata-nonce=\"8a8f426d38\"\n\t>\n\t\t\t\t<div class=\"bf-filter\" role=\"tablist\" aria-label=\"L\u1ecdc b\u00e0i vi\u1ebft theo danh m\u1ee5c\">\n\t\t\t<button class=\"bf-filter__tab bf-filter__tab--active\" data-term=\"0\" role=\"tab\" aria-selected=\"true\" type=\"button\">\n\t\t\t\tT\u1ea5t c\u1ea3 b\u00e0i vi\u1ebft\t\t\t<\/button>\n\t\t\t\t\t\t<button class=\"bf-filter__tab\" data-term=\"25\" role=\"tab\" aria-selected=\"false\" type=\"button\">\n\t\t\t\tDoanh thu\t\t\t<\/button>\n\t\t\t\t\t\t<button class=\"bf-filter__tab\" data-term=\"24\" role=\"tab\" aria-selected=\"false\" type=\"button\">\n\t\t\t\tL\u00e3nh \u0111\u1ea1o\t\t\t<\/button>\n\t\t\t\t\t\t<button class=\"bf-filter__tab\" data-term=\"23\" role=\"tab\" aria-selected=\"false\" type=\"button\">\n\t\t\t\tPh\u00e2n t\u00edch\t\t\t<\/button>\n\t\t\t\t\t\t<button class=\"bf-filter__tab\" data-term=\"26\" role=\"tab\" aria-selected=\"false\" type=\"button\">\n\t\t\t\tThi\u1ebft k\u1ebf Chi\u1ebfn d\u1ecbch\t\t\t<\/button>\n\t\t\t\t\t\t<button class=\"bf-filter__tab\" data-term=\"27\" role=\"tab\" aria-selected=\"false\" type=\"button\">\n\t\t\t\tTi\u1ebfp th\u1ecb S\u1ea3n ph\u1ea9m\t\t\t<\/button>\n\t\t\t\t\t<\/div>\n\n\t\t\t\t<div class=\"bf-loading\" aria-hidden=\"true\">\n\t\t\t<span class=\"bf-loading__spinner\"><\/span>\n\t\t<\/div>\n\n\t\t\t\t<div class=\"bf-grid\" role=\"region\" aria-live=\"polite\" aria-label=\"Danh s\u00e1ch b\u00e0i vi\u1ebft\">\n\t\t\t\t<article class=\"bf-post\">\n\t\t<a class=\"bf-post__thumb-link\" href=\"https:\/\/ktech9.k-tech-services.com\/project602\/boi-canh-tai-chinh-toan-cau-va-nhung-tac-dong-cua-no-doi-voi-tat-ca-moi-nguoi-3\/\" tabindex=\"-1\" aria-hidden=\"true\">\n\t\t\t\t\t\t<img decoding=\"async\" class=\"bf-post__thumb\" src=\"https:\/\/ktech9.k-tech-services.com\/project602\/wp-content\/uploads\/2026\/03\/2503a2b590e213ef794f2c5efd65cb11340bcc85.jpg\" alt=\"B\u1ed1i c\u1ea3nh t\u00e0i ch\u00ednh to\u00e0n c\u1ea7u v\u00e0 nh\u1eefng t\u00e1c \u0111\u1ed9ng c\u1ee7a n\u00f3 \u0111\u1ed1i v\u1edbi t\u1ea5t c\u1ea3 m\u1ecdi ng\u01b0\u1eddi\" loading=\"lazy\">\n\t\t\t\t\t<\/a>\n\t\t<div class=\"bf-post__body\">\n\t\t\t<h3 class=\"bf-post__title\">\n\t\t\t\t<a href=\"https:\/\/ktech9.k-tech-services.com\/project602\/boi-canh-tai-chinh-toan-cau-va-nhung-tac-dong-cua-no-doi-voi-tat-ca-moi-nguoi-3\/\">B\u1ed1i c\u1ea3nh t\u00e0i ch\u00ednh to\u00e0n c\u1ea7u v\u00e0 nh\u1eefng t\u00e1c \u0111\u1ed9ng c\u1ee7a n\u00f3 \u0111\u1ed1i v\u1edbi t\u1ea5t c\u1ea3 m\u1ecdi ng\u01b0\u1eddi<\/a>\n\t\t\t<\/h3>\n\t\t\t<p class=\"bf-post__meta\">\n\t\t\t\t<span class=\"bf-post__author\">admin<\/span>\n\t\t\t\t<span class=\"bf-post__sep\" aria-hidden=\"true\">\u2014<\/span>\n\t\t\t\t<time class=\"bf-post__date\" datetime=\"2026-03-24T19:17:37+07:00\">\n\t\t\t\t\t24 Th\u00e1ng 3, 2026\t\t\t\t<\/time>\n\t\t\t<\/p>\n\t\t\t<p class=\"bf-post__excerpt\">H\u01b0\u1edbng d\u1eabn t\u1ed5 ch\u1ee9c l\u1ec5 trao th\u01b0\u1edfng cho nh\u00e2n vi\u00ean v\u00e0o d\u1ecbp cu\u1ed1i n\u0103m s\u1ebd gi\u00fap b\u1ea1n t\u1ea1o ra m\u1ed9t...<\/p>\n\t\t<\/div>\n\t<\/article>\n\t\t<article class=\"bf-post\">\n\t\t<a class=\"bf-post__thumb-link\" href=\"https:\/\/ktech9.k-tech-services.com\/project602\/boi-canh-tai-chinh-toan-cau-va-nhung-tac-dong-cua-no-doi-voi-tat-ca-moi-nguoi-2\/\" tabindex=\"-1\" aria-hidden=\"true\">\n\t\t\t\t\t\t<img decoding=\"async\" class=\"bf-post__thumb\" src=\"https:\/\/ktech9.k-tech-services.com\/project602\/wp-content\/uploads\/2026\/03\/23ddbba9f0a23ccce5ff0f9b515658927d6a5f71.jpg\" alt=\"B\u1ed1i c\u1ea3nh t\u00e0i ch\u00ednh to\u00e0n c\u1ea7u v\u00e0 nh\u1eefng t\u00e1c \u0111\u1ed9ng c\u1ee7a n\u00f3 \u0111\u1ed1i v\u1edbi t\u1ea5t c\u1ea3 m\u1ecdi ng\u01b0\u1eddi\" loading=\"lazy\">\n\t\t\t\t\t<\/a>\n\t\t<div class=\"bf-post__body\">\n\t\t\t<h3 class=\"bf-post__title\">\n\t\t\t\t<a href=\"https:\/\/ktech9.k-tech-services.com\/project602\/boi-canh-tai-chinh-toan-cau-va-nhung-tac-dong-cua-no-doi-voi-tat-ca-moi-nguoi-2\/\">B\u1ed1i c\u1ea3nh t\u00e0i ch\u00ednh to\u00e0n c\u1ea7u v\u00e0 nh\u1eefng t\u00e1c \u0111\u1ed9ng c\u1ee7a n\u00f3 \u0111\u1ed1i v\u1edbi t\u1ea5t c\u1ea3 m\u1ecdi ng\u01b0\u1eddi<\/a>\n\t\t\t<\/h3>\n\t\t\t<p class=\"bf-post__meta\">\n\t\t\t\t<span class=\"bf-post__author\">admin<\/span>\n\t\t\t\t<span class=\"bf-post__sep\" aria-hidden=\"true\">\u2014<\/span>\n\t\t\t\t<time class=\"bf-post__date\" datetime=\"2026-03-24T19:15:16+07:00\">\n\t\t\t\t\t24 Th\u00e1ng 3, 2026\t\t\t\t<\/time>\n\t\t\t<\/p>\n\t\t\t<p class=\"bf-post__excerpt\">H\u01b0\u1edbng d\u1eabn t\u1ed5 ch\u1ee9c l\u1ec5 trao th\u01b0\u1edfng cho nh\u00e2n vi\u00ean v\u00e0o d\u1ecbp cu\u1ed1i n\u0103m s\u1ebd gi\u00fap b\u1ea1n t\u1ea1o ra m\u1ed9t...<\/p>\n\t\t<\/div>\n\t<\/article>\n\t\t<article class=\"bf-post\">\n\t\t<a class=\"bf-post__thumb-link\" href=\"https:\/\/ktech9.k-tech-services.com\/project602\/boi-canh-tai-chinh-toan-cau-va-nhung-tac-dong-cua-no-doi-voi-tat-ca-moi-nguoi\/\" tabindex=\"-1\" aria-hidden=\"true\">\n\t\t\t\t\t\t<img decoding=\"async\" class=\"bf-post__thumb\" src=\"https:\/\/ktech9.k-tech-services.com\/project602\/wp-content\/uploads\/2026\/03\/7d3c50eb595a19788d2cf12a9273e319c382e6a3.jpg\" alt=\"B\u1ed1i c\u1ea3nh t\u00e0i ch\u00ednh to\u00e0n c\u1ea7u v\u00e0 nh\u1eefng t\u00e1c \u0111\u1ed9ng c\u1ee7a n\u00f3 \u0111\u1ed1i v\u1edbi t\u1ea5t c\u1ea3 m\u1ecdi ng\u01b0\u1eddi\" loading=\"lazy\">\n\t\t\t\t\t<\/a>\n\t\t<div class=\"bf-post__body\">\n\t\t\t<h3 class=\"bf-post__title\">\n\t\t\t\t<a href=\"https:\/\/ktech9.k-tech-services.com\/project602\/boi-canh-tai-chinh-toan-cau-va-nhung-tac-dong-cua-no-doi-voi-tat-ca-moi-nguoi\/\">B\u1ed1i c\u1ea3nh t\u00e0i ch\u00ednh to\u00e0n c\u1ea7u v\u00e0 nh\u1eefng t\u00e1c \u0111\u1ed9ng c\u1ee7a n\u00f3 \u0111\u1ed1i v\u1edbi t\u1ea5t c\u1ea3 m\u1ecdi ng\u01b0\u1eddi<\/a>\n\t\t\t<\/h3>\n\t\t\t<p class=\"bf-post__meta\">\n\t\t\t\t<span class=\"bf-post__author\">admin<\/span>\n\t\t\t\t<span class=\"bf-post__sep\" aria-hidden=\"true\">\u2014<\/span>\n\t\t\t\t<time class=\"bf-post__date\" datetime=\"2026-03-24T19:14:45+07:00\">\n\t\t\t\t\t24 Th\u00e1ng 3, 2026\t\t\t\t<\/time>\n\t\t\t<\/p>\n\t\t\t<p class=\"bf-post__excerpt\">H\u01b0\u1edbng d\u1eabn t\u1ed5 ch\u1ee9c l\u1ec5 trao th\u01b0\u1edfng cho nh\u00e2n vi\u00ean v\u00e0o d\u1ecbp cu\u1ed1i n\u0103m s\u1ebd gi\u00fap b\u1ea1n t\u1ea1o ra m\u1ed9t...<\/p>\n\t\t<\/div>\n\t<\/article>\n\t\t<article class=\"bf-post\">\n\t\t<a class=\"bf-post__thumb-link\" href=\"https:\/\/ktech9.k-tech-services.com\/project602\/hieu-biet-ve-cac-phong-trao-xa-hoi-dang-dinh-hinh-the-gioi-cua-chung-ta-hom-nay\/\" tabindex=\"-1\" aria-hidden=\"true\">\n\t\t\t\t\t\t<img decoding=\"async\" class=\"bf-post__thumb\" src=\"https:\/\/ktech9.k-tech-services.com\/project602\/wp-content\/uploads\/2026\/03\/c49883c87636b43265dda71f0d241355a4ccec0b-768x960.jpg\" alt=\"Hi\u1ec3u bi\u1ebft v\u1ec1 c\u00e1c phong tr\u00e0o x\u00e3 h\u1ed9i \u0111ang \u0111\u1ecbnh h\u00ecnh th\u1ebf gi\u1edbi c\u1ee7a ch\u00fang ta h\u00f4m nay\" loading=\"lazy\">\n\t\t\t\t\t<\/a>\n\t\t<div class=\"bf-post__body\">\n\t\t\t<h3 class=\"bf-post__title\">\n\t\t\t\t<a href=\"https:\/\/ktech9.k-tech-services.com\/project602\/hieu-biet-ve-cac-phong-trao-xa-hoi-dang-dinh-hinh-the-gioi-cua-chung-ta-hom-nay\/\">Hi\u1ec3u bi\u1ebft v\u1ec1 c\u00e1c phong tr\u00e0o x\u00e3 h\u1ed9i \u0111ang \u0111\u1ecbnh h\u00ecnh th\u1ebf gi\u1edbi c\u1ee7a ch\u00fang ta h\u00f4m nay<\/a>\n\t\t\t<\/h3>\n\t\t\t<p class=\"bf-post__meta\">\n\t\t\t\t<span class=\"bf-post__author\">admin<\/span>\n\t\t\t\t<span class=\"bf-post__sep\" aria-hidden=\"true\">\u2014<\/span>\n\t\t\t\t<time class=\"bf-post__date\" datetime=\"2026-03-24T19:14:02+07:00\">\n\t\t\t\t\t24 Th\u00e1ng 3, 2026\t\t\t\t<\/time>\n\t\t\t<\/p>\n\t\t\t<p class=\"bf-post__excerpt\">H\u01b0\u1edbng d\u1eabn t\u1ed5 ch\u1ee9c l\u1ec5 trao th\u01b0\u1edfng cho nh\u00e2n vi\u00ean v\u00e0o d\u1ecbp cu\u1ed1i n\u0103m s\u1ebd gi\u00fap b\u1ea1n t\u1ea1o ra m\u1ed9t...<\/p>\n\t\t<\/div>\n\t<\/article>\n\t\t\t<\/div>\n\n\t\t\t\t<div class=\"bf-pagination-wrap\">\n\t\t\t\t\t<\/div>\n\t<\/div>\n\t\n\n\t\t<\/div>\n\t\t\t\t\t<\/div>\n\n\t\n<\/div>\n\t\t<\/div>\n\n\t\t\n<style>\n#section_261386506 {\n  padding-top: 30px;\n  padding-bottom: 30px;\n}\n<\/style>\n\t<\/section>\n\t\n","protected":false},"excerpt":{"rendered":"","protected":false},"author":1,"featured_media":0,"parent":0,"menu_order":0,"comment_status":"closed","ping_status":"closed","template":"page-blank.php","meta":{"_acf_changed":false,"footnotes":""},"class_list":["post-23","page","type-page","status-publish","hentry"],"acf":[],"_links":{"self":[{"href":"https:\/\/ktech9.k-tech-services.com\/project602\/wp-json\/wp\/v2\/pages\/23","targetHints":{"allow":["GET"]}}],"collection":[{"href":"https:\/\/ktech9.k-tech-services.com\/project602\/wp-json\/wp\/v2\/pages"}],"about":[{"href":"https:\/\/ktech9.k-tech-services.com\/project602\/wp-json\/wp\/v2\/types\/page"}],"author":[{"embeddable":true,"href":"https:\/\/ktech9.k-tech-services.com\/project602\/wp-json\/wp\/v2\/users\/1"}],"replies":[{"embeddable":true,"href":"https:\/\/ktech9.k-tech-services.com\/project602\/wp-json\/wp\/v2\/comments?post=23"}],"version-history":[{"count":4,"href":"https:\/\/ktech9.k-tech-services.com\/project602\/wp-json\/wp\/v2\/pages\/23\/revisions"}],"predecessor-version":[{"id":377,"href":"https:\/\/ktech9.k-tech-services.com\/project602\/wp-json\/wp\/v2\/pages\/23\/revisions\/377"}],"wp:attachment":[{"href":"https:\/\/ktech9.k-tech-services.com\/project602\/wp-json\/wp\/v2\/media?parent=23"}],"curies":[{"name":"wp","href":"https:\/\/api.w.org\/{rel}","templated":true}]}}