{"id":27,"date":"2026-03-11T21:03:33","date_gmt":"2026-03-11T14:03:33","guid":{"rendered":"https:\/\/ktech9.k-tech-services.com\/project602\/?page_id=27"},"modified":"2026-04-05T23:35:32","modified_gmt":"2026-04-05T16:35:32","slug":"lien-he","status":"publish","type":"page","link":"https:\/\/ktech9.k-tech-services.com\/project602\/lien-he\/","title":{"rendered":"Li\u00ean h\u1ec7"},"content":{"rendered":"\n\t<section class=\"section\" id=\"section_117235246\">\n\t\t<div class=\"section-bg fill\" >\n\t\t\t<img loading=\"lazy\" decoding=\"async\" width=\"2048\" height=\"1365\" src=\"https:\/\/ktech9.k-tech-services.com\/project602\/wp-content\/uploads\/2026\/03\/afd77bb2b4bac4bd1e54e93e274c0939a0db0cb5-2048x1365.jpg\" class=\"bg attachment-2048x2048 size-2048x2048\" alt=\"\" \/>\t\t\t\t\t\t\n\t\t\t\n\n\t\t<\/div>\n\n\t\t\n\n\t\t<div class=\"section-content relative\">\n\t\t\t\n\t\t<\/div>\n\n\t\t\n<style>\n#section_117235246 {\n  padding-top: 30px;\n  padding-bottom: 30px;\n  min-height: 522px;\n}\n<\/style>\n\t<\/section>\n\t\n\n\t<section class=\"section contactus-sec-2\" id=\"section_512615503\">\n\t\t<div class=\"section-bg fill\" >\n\t\t\t\t\t\t\t\t\t\n\t\t\t\n\n\t\t<\/div>\n\n\t\t\n\n\t\t<div class=\"section-content relative\">\n\t\t\t\n<div class=\"row contactus-sec-2-inner\"  id=\"row-808343234\">\n\n\t<div id=\"col-1455862653\" class=\"col small-12 large-12\"  >\n\t\t\t\t<div class=\"col-inner\"  >\n\t\t\t\n\t\t\t\n\t<div id=\"text-4077520004\" class=\"text\">\n\t\t\n<h1>Li\u00ean h\u1ec7 v\u1edbi ch\u00fang t\u00f4i<\/h1>\n\t\t\n<style>\n#text-4077520004 {\n  color: rgb(21, 21, 21);\n}\n#text-4077520004 > * {\n  color: rgb(21, 21, 21);\n}\n<\/style>\n\t<\/div>\n\t\n\t<div id=\"text-880283662\" class=\"text\">\n\t\t\n<p>\u0110\u1ec3 c\u00f3 th\u1ec3 \u0111\u00e1p \u1ee9ng \u0111\u01b0\u1ee3c c\u00e1c y\u00eau c\u1ea7u v\u00e0 \u0111\u00f3ng g\u00f3p \u00fd ki\u1ebfn c\u1ee7a qu\u00fd kh\u00e1ch, xin vui l\u00f2ng g\u1eedi th\u00f4ng tin <br \/>ho\u1eb7c g\u1ecdi \u0111\u1ebfn hotline \u0111\u1ec3 li\u00ean h\u1ec7 m\u1ed9t c\u00e1ch nhanh ch\u00f3ng<\/p>\n\t\t\n<style>\n#text-880283662 {\n  color: rgb(136, 136, 136);\n}\n#text-880283662 > * {\n  color: rgb(136, 136, 136);\n}\n<\/style>\n\t<\/div>\n\t\n\t\t<\/div>\n\t\t\t\t\t<\/div>\n\n\t\n\n\t<div id=\"col-714892230\" class=\"col medium-6 small-12 large-6\"  >\n\t\t\t\t<div class=\"col-inner\"  >\n\t\t\t\n\t\t\t\n\n<div class=\"wpcf7 no-js\" id=\"wpcf7-f145-o1\" lang=\"vi\" dir=\"ltr\" data-wpcf7-id=\"145\">\n<div class=\"screen-reader-response\"><p role=\"status\" aria-live=\"polite\" aria-atomic=\"true\"><\/p> <ul><\/ul><\/div>\n<form action=\"\/project602\/wp-json\/wp\/v2\/pages\/27#wpcf7-f145-o1\" method=\"post\" class=\"wpcf7-form init\" aria-label=\"Form li\u00ean h\u1ec7\" novalidate=\"novalidate\" data-status=\"init\">\n<fieldset class=\"hidden-fields-container\"><input type=\"hidden\" name=\"_wpcf7\" value=\"145\" \/><input type=\"hidden\" name=\"_wpcf7_version\" value=\"6.1.5\" \/><input type=\"hidden\" name=\"_wpcf7_locale\" value=\"vi\" \/><input type=\"hidden\" name=\"_wpcf7_unit_tag\" value=\"wpcf7-f145-o1\" \/><input type=\"hidden\" name=\"_wpcf7_container_post\" value=\"0\" \/><input type=\"hidden\" name=\"_wpcf7_posted_data_hash\" value=\"\" \/>\n<\/fieldset>\n<div class=\"form-contact\">\n\n <!-- Row 1: H\u1ecd v\u00e0 t\u00ean + \u0110\u1ecba ch\u1ec9 email -->\n\t<div class=\"form-contact__row\">\n\t\t<div class=\"form-contact__field\">\n\t\t\t<p><label class=\"form-contact__label\">H\u1ecd v\u00e0 t\u00ean <span class=\"required\">*<\/span><\/label><br \/>\n<span class=\"wpcf7-form-control-wrap\" data-name=\"your-name\"><input size=\"40\" maxlength=\"400\" class=\"wpcf7-form-control wpcf7-text wpcf7-validates-as-required\" aria-required=\"true\" aria-invalid=\"false\" placeholder=\"T\u00ean c\u1ee7a b\u1ea1n\" value=\"\" type=\"text\" name=\"your-name\" \/><\/span>\n\t\t\t<\/p>\n\t\t<\/div>\n\t\t<div class=\"form-contact__field\">\n\t\t\t<p><label class=\"form-contact__label\">\u0110\u1ecba ch\u1ec9 email <span class=\"required\">*<\/span><\/label><br \/>\n<span class=\"wpcf7-form-control-wrap\" data-name=\"your-email\"><input size=\"40\" maxlength=\"400\" class=\"wpcf7-form-control wpcf7-email wpcf7-validates-as-required wpcf7-text wpcf7-validates-as-email\" aria-required=\"true\" aria-invalid=\"false\" placeholder=\"Email c\u1ee7a b\u1ea1n\" value=\"\" type=\"email\" name=\"your-email\" \/><\/span>\n\t\t\t<\/p>\n\t\t<\/div>\n\t<\/div>\n\n <!-- Row 2: S\u1ed1 \u0111i\u1ec7n tho\u1ea1i + Y\u00eau c\u1ea7u t\u01b0 v\u1ea5n d\u1ecbch v\u1ee5 -->\n\t<div class=\"form-contact__row\">\n\t\t<div class=\"form-contact__field\">\n\t\t\t<p><label class=\"form-contact__label\">S\u1ed1 \u0111i\u1ec7n tho\u1ea1i <span class=\"required\">*<\/span><\/label><br \/>\n<span class=\"wpcf7-form-control-wrap\" data-name=\"your-phone\"><input size=\"40\" maxlength=\"400\" class=\"wpcf7-form-control wpcf7-tel wpcf7-validates-as-required wpcf7-text wpcf7-validates-as-tel\" aria-required=\"true\" aria-invalid=\"false\" placeholder=\"S\u1ed1 \u0111i\u1ec7n tho\u1ea1i c\u1ee7a b\u1ea1n\" value=\"\" type=\"tel\" name=\"your-phone\" \/><\/span>\n\t\t\t<\/p>\n\t\t<\/div>\n\t\t<div class=\"form-contact__field\">\n\t\t\t<p><label class=\"form-contact__label\">Y\u00eau c\u1ea7u t\u01b0 v\u1ea5n d\u1ecbch v\u1ee5 <span class=\"required\">*<\/span><\/label><br \/>\n<span class=\"wpcf7-form-control-wrap\" data-name=\"your-service\"><select class=\"wpcf7-form-control wpcf7-select wpcf7-validates-as-required\" aria-required=\"true\" aria-invalid=\"false\" name=\"your-service\"><option value=\"Li\u00ean h\u1ec7 t\u01b0 v\u1ea5n\">Li\u00ean h\u1ec7 t\u01b0 v\u1ea5n<\/option><option value=\"Tour du l\u1ecbch trong n\u01b0\u1edbc v\u00e0 n\u01b0\u1edbc ngo\u00e0i\">Tour du l\u1ecbch trong n\u01b0\u1edbc v\u00e0 n\u01b0\u1edbc ngo\u00e0i<\/option><option value=\"D\u1ecbch v\u1ee5 \u0111\u1eb7t v\u00e9 m\u00e1y bay\">D\u1ecbch v\u1ee5 \u0111\u1eb7t v\u00e9 m\u00e1y bay<\/option><option value=\"D\u1ecbch v\u1ee5 thu\u00ea xe du l\u1ecbch\">D\u1ecbch v\u1ee5 thu\u00ea xe du l\u1ecbch<\/option><option value=\"D\u1ecbch v\u1ee5 \u0111\u1eb7t ph\u00f2ng kh\u00e1ch s\u1ea1n\">D\u1ecbch v\u1ee5 \u0111\u1eb7t ph\u00f2ng kh\u00e1ch s\u1ea1n<\/option><option value=\"Kh\u00e1c\">Kh\u00e1c<\/option><\/select><\/span>\n\t\t\t<\/p>\n\t\t<\/div>\n\t<\/div>\n\n <!-- Row 3: T\u00ean c\u00f4ng ty (full width) -->\n\t<div class=\"form-contact__row\">\n\t\t<div class=\"form-contact__field\">\n\t\t\t<p><label class=\"form-contact__label\">T\u00ean c\u00f4ng ty<\/label><br \/>\n<span class=\"wpcf7-form-control-wrap\" data-name=\"your-company\"><input size=\"40\" maxlength=\"400\" class=\"wpcf7-form-control wpcf7-text\" aria-invalid=\"false\" placeholder=\"Nh\u1eadp t\u00ean c\u00f4ng ty c\u1ee7a b\u1ea1n ( N\u1ebfu c\u00f3)\" value=\"\" type=\"text\" name=\"your-company\" \/><\/span>\n\t\t\t<\/p>\n\t\t<\/div>\n\t<\/div>\n\n <!-- Row 4: S\u1ed1 l\u01b0\u1ee3ng kh\u00e1ch (full width) -->\n\t<div class=\"form-contact__row\">\n\t\t<div class=\"form-contact__field\">\n\t\t\t<p><label class=\"form-contact__label\">S\u1ed1 l\u01b0\u1ee3ng kh\u00e1ch<\/label><br \/>\n<span class=\"wpcf7-form-control-wrap\" data-name=\"your-guests\"><input class=\"wpcf7-form-control wpcf7-number wpcf7-validates-as-number\" min=\"1\" aria-invalid=\"false\" placeholder=\"Nh\u1eadp s\u1ed1 l\u01b0\u1ee3ng kh\u00e1ch\" value=\"\" type=\"number\" name=\"your-guests\" \/><\/span>\n\t\t\t<\/p>\n\t\t<\/div>\n\t<\/div>\n\n <!-- Row 5: Tin nh\u1eafn (full width) -->\n\t<div class=\"form-contact__row\">\n\t\t<div class=\"form-contact__field\">\n\t\t\t<p><label class=\"form-contact__label\">Tin nh\u1eafn c\u1ee7a b\u1ea1n<\/label><br \/>\n<span class=\"wpcf7-form-control-wrap\" data-name=\"your-message\"><textarea cols=\"40\" rows=\"10\" maxlength=\"2000\" class=\"wpcf7-form-control wpcf7-textarea\" aria-invalid=\"false\" placeholder=\"T\u1ed1i \u0111a 500 k\u00fd t\u1ef1...\" name=\"your-message\"><\/textarea><\/span>\n\t\t\t<\/p>\n\t\t<\/div>\n\t<\/div>\n\n <!-- Validation message -->\n\t<p><span class=\"form-contact__validation-msg\">Vui l\u00f2ng \u0111i\u1ec1n \u0111\u1ea7y \u0111\u1ee7 c\u00e1c th\u00f4ng tin<\/span>\n\t<\/p>\n\n <!-- Submit -->\n\t<div class=\"form-contact__row form-contact__submit-row\">\n\t\t<div class=\"form-contact__field\">\n\t\t\t<p><input class=\"wpcf7-form-control wpcf7-submit has-spinner\" type=\"submit\" value=\"X\u00e1c nh\u1eadn &amp; g\u1eedi\" \/>\n\t\t\t<\/p>\n\t\t<\/div>\n\t<\/div>\n<\/div><div class=\"wpcf7-response-output\" aria-hidden=\"true\"><\/div>\n<\/form>\n<\/div>\n\n\t\t<\/div>\n\t\t\t\t\t<\/div>\n\n\t\n\n\t<div id=\"col-750588282\" class=\"col medium-6 small-12 large-6\"  >\n\t\t\t\t<div class=\"col-inner\"  >\n\t\t\t\n\t\t\t\n\n\t\t<div class=\"icon-box featured-box icon-box-left text-left\"  >\n\t\t\t\t\t<div class=\"icon-box-img\" style=\"width: 28px\">\n\t\t\t\t<div class=\"icon\">\n\t\t\t\t\t<div class=\"icon-inner\" >\n\t\t\t\t\t\t<img loading=\"lazy\" decoding=\"async\" width=\"1\" height=\"1\" src=\"https:\/\/ktech9.k-tech-services.com\/project602\/wp-content\/uploads\/2026\/03\/Frame.svg\" class=\"attachment-medium size-medium\" alt=\"\" \/>\t\t\t\t\t<\/div>\n\t\t\t\t<\/div>\n\t\t\t<\/div>\n\t\t\t\t<div class=\"icon-box-text last-reset\">\n\t\t\t\t\t\t\t\t\t\n\t<div id=\"text-2241443635\" class=\"text\">\n\t\t\n<p><strong>Tr\u1ee5 s\u1edf ch\u00ednh:<\/strong> 68 Nguy\u1ec5n Hu\u1ec7, Ph\u01b0\u1eddng S\u00e0i G\u00f2n, Tp.HCM<br \/>\n\t\t\n<style>\n#text-2241443635 {\n  color: rgb(0, 0, 0);\n}\n#text-2241443635 > * {\n  color: rgb(0, 0, 0);\n}\n<\/style>\n\t<\/div>\n\t\n\t\t<\/div>\n\t<\/div>\n\t\n\t\n\n\t\t<div class=\"icon-box featured-box icon-box-left text-left\"  >\n\t\t\t\t\t<div class=\"icon-box-img\" style=\"width: 28px\">\n\t\t\t\t<div class=\"icon\">\n\t\t\t\t\t<div class=\"icon-inner\" >\n\t\t\t\t\t\t<img loading=\"lazy\" decoding=\"async\" width=\"1\" height=\"1\" src=\"https:\/\/ktech9.k-tech-services.com\/project602\/wp-content\/uploads\/2026\/03\/Frame-1.svg\" class=\"attachment-medium size-medium\" alt=\"\" \/>\t\t\t\t\t<\/div>\n\t\t\t\t<\/div>\n\t\t\t<\/div>\n\t\t\t\t<div class=\"icon-box-text last-reset\">\n\t\t\t\t\t\t\t\t\t\n\t<div id=\"text-860239266\" class=\"text\">\n\t\t\n<p><strong>Th\u1eddi gian l\u00e0m vi\u1ec7c:\u00a0<\/strong>T\u1eeb Th\u1ee9 2 &#8211; th\u1ee9 6 (9:00 &#8211; 12:30 ; 13:30 &#8211; 18:00)<br \/>\n\t\t\n<style>\n#text-860239266 {\n  color: rgb(0, 0, 0);\n}\n#text-860239266 > * {\n  color: rgb(0, 0, 0);\n}\n<\/style>\n\t<\/div>\n\t\n\t\t<\/div>\n\t<\/div>\n\t\n\t\n\n\t\t<div class=\"icon-box featured-box icon-box-left text-left\"  >\n\t\t\t\t\t<div class=\"icon-box-img\" style=\"width: 28px\">\n\t\t\t\t<div class=\"icon\">\n\t\t\t\t\t<div class=\"icon-inner\" >\n\t\t\t\t\t\t<img loading=\"lazy\" decoding=\"async\" width=\"1\" height=\"1\" src=\"https:\/\/ktech9.k-tech-services.com\/project602\/wp-content\/uploads\/2026\/03\/Frame-2.svg\" class=\"attachment-medium size-medium\" alt=\"\" \/>\t\t\t\t\t<\/div>\n\t\t\t\t<\/div>\n\t\t\t<\/div>\n\t\t\t\t<div class=\"icon-box-text last-reset\">\n\t\t\t\t\t\t\t\t\t\n\t<div id=\"text-1112624322\" class=\"text\">\n\t\t\n<p><strong>S\u1ed1 \u0111i\u1ec7n tho\u1ea1i:\u00a0<\/strong>0968064699<br \/>\n\t\t\n<style>\n#text-1112624322 {\n  color: rgb(0, 0, 0);\n}\n#text-1112624322 > * {\n  color: rgb(0, 0, 0);\n}\n<\/style>\n\t<\/div>\n\t\n\t\t<\/div>\n\t<\/div>\n\t\n\t\n\n\t\t<div class=\"icon-box featured-box icon-box-left text-left\"  >\n\t\t\t\t\t<div class=\"icon-box-img\" style=\"width: 28px\">\n\t\t\t\t<div class=\"icon\">\n\t\t\t\t\t<div class=\"icon-inner\" >\n\t\t\t\t\t\t<img loading=\"lazy\" decoding=\"async\" width=\"1\" height=\"1\" src=\"https:\/\/ktech9.k-tech-services.com\/project602\/wp-content\/uploads\/2026\/03\/Frame-2147238669.svg\" class=\"attachment-medium size-medium\" alt=\"\" \/>\t\t\t\t\t<\/div>\n\t\t\t\t<\/div>\n\t\t\t<\/div>\n\t\t\t\t<div class=\"icon-box-text last-reset\">\n\t\t\t\t\t\t\t\t\t\n\t<div id=\"text-3870315966\" class=\"text\">\n\t\t\n<p><strong>Email:<\/strong> hddt.hulotravel@gmail.com<br \/>\n\t\t\n<style>\n#text-3870315966 {\n  color: rgb(0, 0, 0);\n}\n#text-3870315966 > * {\n  color: rgb(0, 0, 0);\n}\n<\/style>\n\t<\/div>\n\t\n\t\t<\/div>\n\t<\/div>\n\t\n\t\n\n<p><iframe loading=\"lazy\" style=\"border: 0;\" src=\"https:\/\/www.google.com\/maps\/embed?pb=!1m18!1m12!1m3!1d3919.479797061405!2d106.7031722!3d10.7745167!2m3!1f0!2f0!3f0!3m2!1i1024!2i768!4f13.1!3m3!1m2!1s0x31752f46e3818be5%3A0x5d0c66fb5c6d5e4e!2zNjggTmd1ecOqzINuIEh1w6rMoywgQuG6v24gTmdow6ksIFF14bqtbiAxLCBI4buTIENow60gTWluaCA3MDAwMCwgVmnhu4d0IE5hbQ!5e0!3m2!1svi!2s!4v1773761946801!5m2!1svi!2s\" width=\"600\" height=\"408\" allowfullscreen=\"allowfullscreen\"><\/iframe><br \/>\n\n\t\t<\/div>\n\t\t\t\t\t<\/div>\n\n\t\n<\/div>\n\t\t<\/div>\n\n\t\t\n<style>\n#section_512615503 {\n  padding-top: 30px;\n  padding-bottom: 30px;\n}\n<\/style>\n\t<\/section>\n\t\n","protected":false},"excerpt":{"rendered":"","protected":false},"author":1,"featured_media":0,"parent":0,"menu_order":0,"comment_status":"closed","ping_status":"closed","template":"page-blank.php","meta":{"_acf_changed":false,"footnotes":""},"class_list":["post-27","page","type-page","status-publish","hentry"],"acf":[],"_links":{"self":[{"href":"https:\/\/ktech9.k-tech-services.com\/project602\/wp-json\/wp\/v2\/pages\/27","targetHints":{"allow":["GET"]}}],"collection":[{"href":"https:\/\/ktech9.k-tech-services.com\/project602\/wp-json\/wp\/v2\/pages"}],"about":[{"href":"https:\/\/ktech9.k-tech-services.com\/project602\/wp-json\/wp\/v2\/types\/page"}],"author":[{"embeddable":true,"href":"https:\/\/ktech9.k-tech-services.com\/project602\/wp-json\/wp\/v2\/users\/1"}],"replies":[{"embeddable":true,"href":"https:\/\/ktech9.k-tech-services.com\/project602\/wp-json\/wp\/v2\/comments?post=27"}],"version-history":[{"count":4,"href":"https:\/\/ktech9.k-tech-services.com\/project602\/wp-json\/wp\/v2\/pages\/27\/revisions"}],"predecessor-version":[{"id":379,"href":"https:\/\/ktech9.k-tech-services.com\/project602\/wp-json\/wp\/v2\/pages\/27\/revisions\/379"}],"wp:attachment":[{"href":"https:\/\/ktech9.k-tech-services.com\/project602\/wp-json\/wp\/v2\/media?parent=27"}],"curies":[{"name":"wp","href":"https:\/\/api.w.org\/{rel}","templated":true}]}}