{"id":394,"date":"2026-04-06T01:24:26","date_gmt":"2026-04-05T18:24:26","guid":{"rendered":"https:\/\/ktech9.k-tech-services.com\/project602\/?post_type=product&#038;p=394"},"modified":"2026-04-20T01:23:28","modified_gmt":"2026-04-19T18:23:28","slug":"ve-may-bay-di-ha-noi-khong-khu-hoi-5","status":"publish","type":"product","link":"https:\/\/ktech9.k-tech-services.com\/project602\/san-pham\/ve-may-bay-di-ha-noi-khong-khu-hoi-5\/","title":{"rendered":"V\u00e9 m\u00e1y bay \u0111i H\u00e0 N\u1ed9i kh\u00f4ng kh\u1ee9 h\u1ed3i"},"content":{"rendered":"<div class=\"row\"  id=\"row-2088070442\">\n\n\t<div id=\"col-1517206326\" class=\"col small-12 large-12\"  >\n\t\t\t\t<div class=\"col-inner\"  >\n\t\t\t\n\t\t\t\n<h3>M\u00f4 t\u1ea3<\/h3>\n<p>\u0110i\u1ec3m n\u1ed5i b\u1eadt<\/p>\n<ul>\n<li>Kh\u00e1m ph\u00e1 th\u1ebf gi\u1edbi d\u01b0\u1edbi l\u00f2ng \u0111\u1ea5t c\u1ee7a m\u1ea1ng l\u01b0\u1edbi \u0111\u1ecba \u0111\u1ea1o ph\u1ee9c t\u1ea1p c\u1ee7a Vi\u1ec7t Nam khi b\u1ea1n \u0111\u1eb7t tour n\u00e0y<\/li>\n<li>T\u00ecm hi\u1ec3u v\u1ec1 cu\u1ed9c s\u1ed1ng ph\u1ee9c t\u1ea1p v\u00e0 v\u00f4 c\u00f9ng s\u00e1ng t\u1ea1o c\u1ee7a nh\u1eefng ng\u01b0\u1eddi l\u00ednh s\u1ed1ng d\u01b0\u1edbi \u0111\u1ecba \u0111\u1ea1o<\/li>\n<li>Du l\u1ecbch v\u00f2ng quanh \u0110\u1ecba \u0110\u1ea1o C\u1ee7 Chi v\u00e0 H\u1ed3 Ch\u00ed Minh tr\u00ean chi\u1ebfc xe limousine sang tr\u1ecdng, hi\u1ec7n \u0111\u1ea1i<\/li>\n<li>Chi\u00eam ng\u01b0\u1ee1ng v\u1ebb \u0111\u1eb9p c\u1ee7a s\u00f4ng C\u1eedu Long khi b\u1ea1n \u0111i thuy\u1ec1n d\u1ecdc s\u00f4ng v\u1edbi h\u01b0\u1edbng d\u1eabn vi\u00ean th\u00e2n thi\u1ec7n<\/li>\n<li>Kh\u00e1m ph\u00e1 \u0111\u1eddi s\u1ed1ng th\u01b0\u1eddng ng\u00e0y c\u1ee7a ng\u01b0\u1eddi d\u00e2n \u0111\u1ecba ph\u01b0\u01a1ng khi b\u1ea1n gh\u00e9 qua m\u1ed9t trang tr\u1ea1i, m\u1ed9t ng\u00f4i l\u00e0ng nh\u1ecf v\u00e0 h\u01a1n th\u1ebf n\u1eefa!<\/li>\n<\/ul>\n\t\t<\/div>\n\t\t\t\t\t<\/div>\n\n\t\n\n\t<div id=\"col-1231055464\" class=\"col small-12 large-12\"  >\n\t\t\t\t<div class=\"col-inner\"  >\n\t\t\t\n\t\t\t\n<h3>B\u1ea3o hi\u1ec3m du l\u1ecbch<\/h3>\n\t<div id=\"gap-1542879611\" class=\"gap-element clearfix\" style=\"display:block; height:auto;\">\n\t\t\n<style>\n#gap-1542879611 {\n  padding-top: 5px;\n}\n<\/style>\n\t<\/div>\n\t\n\n\t\t<div class=\"icon-box featured-box icon-box-left text-left\"  >\n\t\t\t\t\t<div class=\"icon-box-img\" style=\"width: 20px\">\n\t\t\t\t<div class=\"icon\">\n\t\t\t\t\t<div class=\"icon-inner\" >\n\t\t\t\t\t\t<img loading=\"lazy\" decoding=\"async\" width=\"1\" height=\"1\" src=\"https:\/\/ktech9.k-tech-services.com\/project602\/wp-content\/uploads\/2026\/04\/svgexport-1-2026-02-09T145033.260-1.svg\" class=\"attachment-medium size-medium\" alt=\"\" \/>\t\t\t\t\t<\/div>\n\t\t\t\t<\/div>\n\t\t\t<\/div>\n\t\t\t\t<div class=\"icon-box-text last-reset\">\n\t\t\t\t\t\t\t\t\t\n<p>\u0110\u01b0\u1ee3c ho\u00e0n ti\u1ec1n chuy\u1ebfn \u0111i v\u00ec l\u00fd do c\u1ee5 th\u1ec3, t\u1ed1i \u0111a b\u1eb1ng chi ph\u00ed v\u00e9 m\u00e1y bay g\u1ed1c (l\u00ean \u0111\u1ebfn 5,000,000 VND)<\/p>\n\t\t<\/div>\n\t<\/div>\n\t\n\t\n\n\t\t<div class=\"icon-box featured-box icon-box-left text-left\"  >\n\t\t\t\t\t<div class=\"icon-box-img\" style=\"width: 20px\">\n\t\t\t\t<div class=\"icon\">\n\t\t\t\t\t<div class=\"icon-inner\" >\n\t\t\t\t\t\t<img loading=\"lazy\" decoding=\"async\" width=\"1\" height=\"1\" src=\"https:\/\/ktech9.k-tech-services.com\/project602\/wp-content\/uploads\/2026\/04\/svgexport-1-2026-02-09T145033.260-1.svg\" class=\"attachment-medium size-medium\" alt=\"\" \/>\t\t\t\t\t<\/div>\n\t\t\t\t<\/div>\n\t\t\t<\/div>\n\t\t\t\t<div class=\"icon-box-text last-reset\">\n\t\t\t\t\t\t\t\t\t\n<p>B\u1ea3o hi\u1ec3m ch\u1eadm chuy\u1ebfn bay v\u00e0 tr\u00ec ho\u00e3n h\u00e0nh l\u00fd l\u00ean \u0111\u1ebfn 3,900,000 \u0111\u1ed3ng<\/p>\n\t\t<\/div>\n\t<\/div>\n\t\n\t\n\n\t\t<div class=\"icon-box featured-box icon-box-left text-left\"  >\n\t\t\t\t\t<div class=\"icon-box-img\" style=\"width: 20px\">\n\t\t\t\t<div class=\"icon\">\n\t\t\t\t\t<div class=\"icon-inner\" >\n\t\t\t\t\t\t<img loading=\"lazy\" decoding=\"async\" width=\"1\" height=\"1\" src=\"https:\/\/ktech9.k-tech-services.com\/project602\/wp-content\/uploads\/2026\/04\/svgexport-1-2026-02-09T145033.260-1.svg\" class=\"attachment-medium size-medium\" alt=\"\" \/>\t\t\t\t\t<\/div>\n\t\t\t\t<\/div>\n\t\t\t<\/div>\n\t\t\t\t<div class=\"icon-box-text last-reset\">\n\t\t\t\t\t\t\t\t\t\n<p>B\u1ea3o hi\u1ec3m tai n\u1ea1n l\u00ean \u0111\u1ebfn 210,000,000 VND, bao g\u1ed3m c\u00e1c tr\u01b0\u1eddng h\u1ee3p do thi\u00ean tai g\u00e2y ra<\/p>\n\t\t<\/div>\n\t<\/div>\n\t\n\t\n\t\t<\/div>\n\t\t\t\t\t<\/div>\n\n\t\n\n\t<div id=\"col-2010876853\" class=\"col small-12 large-12\"  >\n\t\t\t\t<div class=\"col-inner\"  >\n\t\t\t\n\t\t\t\n\n\t\t<div class=\"icon-box featured-box icon-box-left text-left\"  >\n\t\t\t\t\t<div class=\"icon-box-img\" style=\"width: 32px\">\n\t\t\t\t<div class=\"icon\">\n\t\t\t\t\t<div class=\"icon-inner\" >\n\t\t\t\t\t\t<img loading=\"lazy\" decoding=\"async\" width=\"1\" height=\"1\" src=\"https:\/\/ktech9.k-tech-services.com\/project602\/wp-content\/uploads\/2026\/04\/Frame-2147238658.svg\" class=\"attachment-medium size-medium\" alt=\"\" \/>\t\t\t\t\t<\/div>\n\t\t\t\t<\/div>\n\t\t\t<\/div>\n\t\t\t\t<div class=\"icon-box-text last-reset\">\n\t\t\t\t\t\t\t\t\t\n<h3>Lo\u1ea1i v\u00e9<\/h3>\n\t\t<\/div>\n\t<\/div>\n\t\n\t\n<p>Lo\u1ea1i v\u00e9 &amp; \u0111i\u1ec1u ki\u1ec7n<\/p>\n<ul>\n<li>V\u00e9 khuy\u1ebfn m\u00e3i\/si\u00eau r\u1ebb: th\u01b0\u1eddng kh\u00f4ng ho\u00e0n \u2013 kh\u00f4ng \u0111\u1ed5i.<\/li>\n<li>V\u00e9 ph\u1ed5 th\u00f4ng linh ho\u1ea1t: c\u00f3 th\u1ec3 \u0111\u1ed5i ng\u00e0y\/gi\u1edd, ho\u00e0n v\u00e9 (c\u00f3 ph\u00ed).<\/li>\n<\/ul>\n\t<div id=\"gap-457971693\" class=\"gap-element clearfix\" style=\"display:block; height:auto;\">\n\t\t\n<style>\n#gap-457971693 {\n  padding-top: 10px;\n}\n<\/style>\n\t<\/div>\n\t\n\n\t\t<div class=\"icon-box featured-box icon-box-left text-left\"  >\n\t\t\t\t\t<div class=\"icon-box-img\" style=\"width: 32px\">\n\t\t\t\t<div class=\"icon\">\n\t\t\t\t\t<div class=\"icon-inner\" >\n\t\t\t\t\t\t<img loading=\"lazy\" decoding=\"async\" width=\"1\" height=\"1\" src=\"https:\/\/ktech9.k-tech-services.com\/project602\/wp-content\/uploads\/2026\/04\/Frame-2147238658-1.svg\" class=\"attachment-medium size-medium\" alt=\"\" \/>\t\t\t\t\t<\/div>\n\t\t\t\t<\/div>\n\t\t\t<\/div>\n\t\t\t\t<div class=\"icon-box-text last-reset\">\n\t\t\t\t\t\t\t\t\t\n<h3>H\u00e0nh l\u00fd<\/h3>\n\t\t<\/div>\n\t<\/div>\n\t\n\t\n<ul>\n<li>H\u00e0nh l\u00fd x\u00e1ch tay: th\u01b0\u1eddng 7kg (m\u1ed9t s\u1ed1 h\u00e3ng 10kg).<\/li>\n<li>H\u00e0nh l\u00fd k\u00fd g\u1eedi: mua th\u00eam theo g\u00f3i (20kg, 23kg, 30kg\u2026).<\/li>\n<li>Qu\u00e1 c\u00e2n \u2192 ph\u00ed r\u1ea5t cao t\u1ea1i s\u00e2n bay.<\/li>\n<\/ul>\n\t<div id=\"gap-1049194904\" class=\"gap-element clearfix\" style=\"display:block; height:auto;\">\n\t\t\n<style>\n#gap-1049194904 {\n  padding-top: 10px;\n}\n<\/style>\n\t<\/div>\n\t\n\n\t\t<div class=\"icon-box featured-box icon-box-left text-left\"  >\n\t\t\t\t\t<div class=\"icon-box-img\" style=\"width: 32px\">\n\t\t\t\t<div class=\"icon\">\n\t\t\t\t\t<div class=\"icon-inner\" >\n\t\t\t\t\t\t<img loading=\"lazy\" decoding=\"async\" width=\"1\" height=\"1\" src=\"https:\/\/ktech9.k-tech-services.com\/project602\/wp-content\/uploads\/2026\/04\/Frame-2147238658-2.svg\" class=\"attachment-medium size-medium\" alt=\"\" \/>\t\t\t\t\t<\/div>\n\t\t\t\t<\/div>\n\t\t\t<\/div>\n\t\t\t\t<div class=\"icon-box-text last-reset\">\n\t\t\t\t\t\t\t\t\t\n<h3>Th\u1eddi gian check in<\/h3>\n\t\t<\/div>\n\t<\/div>\n\t\n\t\n<ul>\n<li>N\u1ed9i \u0111\u1ecba: c\u00f3 m\u1eb7t tr\u01b0\u1edbc 90\u2013120 ph\u00fat<\/li>\n<li>Qu\u1ed1c t\u1ebf: Tr\u01b0\u1edbc 3 ti\u1ebfng<\/li>\n<li>Tr\u1ec5 \u0111\u00f3ng qu\u1ea7y \u2192 m\u1ea5t v\u00e9.<\/li>\n<\/ul>\n\t\t<\/div>\n\t\t\t\t\t<\/div>\n\n\t\n<\/div>\n","protected":false},"excerpt":{"rendered":"","protected":false},"featured_media":285,"template":"","meta":{"_acf_changed":false},"product_brand":[],"product_cat":[37,35],"product_tag":[],"class_list":{"0":"post-394","1":"product","2":"type-product","3":"status-publish","4":"has-post-thumbnail","6":"product_cat-ai-cap","7":"product_cat-ve-may-bay","9":"first","10":"instock","11":"shipping-taxable","12":"purchasable","13":"product-type-simple"},"acf":[],"_links":{"self":[{"href":"https:\/\/ktech9.k-tech-services.com\/project602\/wp-json\/wp\/v2\/product\/394","targetHints":{"allow":["GET"]}}],"collection":[{"href":"https:\/\/ktech9.k-tech-services.com\/project602\/wp-json\/wp\/v2\/product"}],"about":[{"href":"https:\/\/ktech9.k-tech-services.com\/project602\/wp-json\/wp\/v2\/types\/product"}],"wp:featuredmedia":[{"embeddable":true,"href":"https:\/\/ktech9.k-tech-services.com\/project602\/wp-json\/wp\/v2\/media\/285"}],"wp:attachment":[{"href":"https:\/\/ktech9.k-tech-services.com\/project602\/wp-json\/wp\/v2\/media?parent=394"}],"wp:term":[{"taxonomy":"product_brand","embeddable":true,"href":"https:\/\/ktech9.k-tech-services.com\/project602\/wp-json\/wp\/v2\/product_brand?post=394"},{"taxonomy":"product_cat","embeddable":true,"href":"https:\/\/ktech9.k-tech-services.com\/project602\/wp-json\/wp\/v2\/product_cat?post=394"},{"taxonomy":"product_tag","embeddable":true,"href":"https:\/\/ktech9.k-tech-services.com\/project602\/wp-json\/wp\/v2\/product_tag?post=394"}],"curies":[{"name":"wp","href":"https:\/\/api.w.org\/{rel}","templated":true}]}}