{"id":397,"date":"2026-04-06T01:41:59","date_gmt":"2026-04-05T18:41:59","guid":{"rendered":"https:\/\/ktech9.k-tech-services.com\/project602\/?post_type=product&#038;p=397"},"modified":"2026-04-06T01:43:03","modified_gmt":"2026-04-05T18:43:03","slug":"dat-xe-16-cho-4","status":"publish","type":"product","link":"https:\/\/ktech9.k-tech-services.com\/project602\/san-pham\/dat-xe-16-cho-4\/","title":{"rendered":"\u0110\u1eb7t xe 16 ch\u1ed7"},"content":{"rendered":"<div class=\"row\"  id=\"row-1296505807\">\n\n\t<div id=\"col-296062080\" class=\"col small-12 large-12\"  >\n\t\t\t\t<div class=\"col-inner\"  >\n\t\t\t\n\t\t\t\n<h3>M\u00f4 t\u1ea3<\/h3>\n<p>Xe 16 ch\u1ed7 \u0111\u00f3n kh\u00e1ch tr\u1ef1c ti\u1ebfp t\u1ea1i s\u00e2n bay theo gi\u1edd h\u1ea1 c\u00e1nh. T\u00e0i x\u1ebf theo s\u00e1t l\u1ecbch bay, h\u1ed7 tr\u1ee3 ch\u1edd chuy\u1ebfn tr\u1ec5 (theo th\u1ecfa thu\u1eadn), gi\u00fap kh\u00e1ch y\u00ean t\u00e2m kh\u00f4ng lo l\u1ee1 xe hay ph\u1ea3i t\u00ecm ph\u01b0\u01a1ng ti\u1ec7n di chuy\u1ec3n g\u1ea5p.<\/p>\n<p>Xe 16 ch\u1ed7 ph\u00f9 h\u1ee3p cho gia \u0111\u00ecnh, nh\u00f3m b\u1ea1n, \u0111o\u00e0n du l\u1ecbch ho\u1eb7c kh\u00e1ch c\u00f4ng t\u00e1c \u0111\u00f4ng ng\u01b0\u1eddi. Kh\u00f4ng gian tho\u1ea3i m\u00e1i, ch\u1ed7 \u0111\u1ec3 h\u00e0nh l\u00fd r\u1ed9ng, di chuy\u1ec3n thu\u1eadn ti\u1ec7n ngay c\u1ea3 khi mang nhi\u1ec1u vali.<\/p>\n\t\t<\/div>\n\t\t\t\t\t<\/div>\n\n\t\n\n\t<div id=\"col-1980227714\" class=\"col small-12 large-12\"  >\n\t\t\t\t<div class=\"col-inner\"  >\n\t\t\t\n\t\t\t\n<h3>T\u00e0i x\u1ebf chuy\u00ean nghi\u1ec7p \u2013 r\u00e0nh \u0111\u01b0\u1eddng<\/h3>\n\t<div id=\"gap-758344350\" class=\"gap-element clearfix\" style=\"display:block; height:auto;\">\n\t\t\n<style>\n#gap-758344350 {\n  padding-top: 5px;\n}\n<\/style>\n\t<\/div>\n\t\n\n\t\t<div class=\"icon-box featured-box icon-box-left text-left\"  >\n\t\t\t\t\t<div class=\"icon-box-img\" style=\"width: 20px\">\n\t\t\t\t<div class=\"icon\">\n\t\t\t\t\t<div class=\"icon-inner\" >\n\t\t\t\t\t\t<img loading=\"lazy\" decoding=\"async\" width=\"1\" height=\"1\" src=\"https:\/\/ktech9.k-tech-services.com\/project602\/wp-content\/uploads\/2026\/04\/svgexport-1-2026-02-09T145033.260-1.svg\" class=\"attachment-medium size-medium\" alt=\"\" \/>\t\t\t\t\t<\/div>\n\t\t\t\t<\/div>\n\t\t\t<\/div>\n\t\t\t\t<div class=\"icon-box-text last-reset\">\n\t\t\t\t\t\t\t\t\t\n<p>T\u00e0i x\u1ebf kinh nghi\u1ec7m<\/p>\n\t\t<\/div>\n\t<\/div>\n\t\n\t\n\n\t\t<div class=\"icon-box featured-box icon-box-left text-left\"  >\n\t\t\t\t\t<div class=\"icon-box-img\" style=\"width: 20px\">\n\t\t\t\t<div class=\"icon\">\n\t\t\t\t\t<div class=\"icon-inner\" >\n\t\t\t\t\t\t<img loading=\"lazy\" decoding=\"async\" width=\"1\" height=\"1\" src=\"https:\/\/ktech9.k-tech-services.com\/project602\/wp-content\/uploads\/2026\/04\/svgexport-1-2026-02-09T145033.260-1.svg\" class=\"attachment-medium size-medium\" alt=\"\" \/>\t\t\t\t\t<\/div>\n\t\t\t\t<\/div>\n\t\t\t<\/div>\n\t\t\t\t<div class=\"icon-box-text last-reset\">\n\t\t\t\t\t\t\t\t\t\n<p>L\u1ecbch s\u1ef1, th\u00f4ng th\u1ea1o tuy\u1ebfn s\u00e2n bay \u2013 trung t\u00e2m \u2013 t\u1ec9nh<\/p>\n\t\t<\/div>\n\t<\/div>\n\t\n\t\n\n\t\t<div class=\"icon-box featured-box icon-box-left text-left\"  >\n\t\t\t\t\t<div class=\"icon-box-img\" style=\"width: 20px\">\n\t\t\t\t<div class=\"icon\">\n\t\t\t\t\t<div class=\"icon-inner\" >\n\t\t\t\t\t\t<img loading=\"lazy\" decoding=\"async\" width=\"1\" height=\"1\" src=\"https:\/\/ktech9.k-tech-services.com\/project602\/wp-content\/uploads\/2026\/04\/svgexport-1-2026-02-09T145033.260-1.svg\" class=\"attachment-medium size-medium\" alt=\"\" \/>\t\t\t\t\t<\/div>\n\t\t\t\t<\/div>\n\t\t\t<\/div>\n\t\t\t\t<div class=\"icon-box-text last-reset\">\n\t\t\t\t\t\t\t\t\t\n<p>L\u00e1i xe an to\u00e0n, \u0111\u00fang t\u1ed1c \u0111\u1ed9<\/p>\n\t\t<\/div>\n\t<\/div>\n\t\n\t\n\n\t\t<div class=\"icon-box featured-box icon-box-left text-left\"  >\n\t\t\t\t\t<div class=\"icon-box-img\" style=\"width: 20px\">\n\t\t\t\t<div class=\"icon\">\n\t\t\t\t\t<div class=\"icon-inner\" >\n\t\t\t\t\t\t<img loading=\"lazy\" decoding=\"async\" width=\"1\" height=\"1\" src=\"https:\/\/ktech9.k-tech-services.com\/project602\/wp-content\/uploads\/2026\/04\/svgexport-1-2026-02-09T145033.260-1.svg\" class=\"attachment-medium size-medium\" alt=\"\" \/>\t\t\t\t\t<\/div>\n\t\t\t\t<\/div>\n\t\t\t<\/div>\n\t\t\t\t<div class=\"icon-box-text last-reset\">\n\t\t\t\t\t\t\t\t\t\n<p>\u0110\u1ea3m b\u1ea3o h\u00e0nh tr\u00ecnh \u00eam \u00e1i v\u00e0 tho\u1ea3i m\u00e1i cho kh\u00e1ch.<\/p>\n\t\t<\/div>\n\t<\/div>\n\t\n\t\n<p>\ud83d\udc49 Nh\u1eb1m mang \u0111\u1ebfn tr\u1ea3i nghi\u1ec7m d\u1ecbch v\u1ee5 tho\u1ea3i m\u00e1i v\u00e0 an t\u00e2m cho kh\u00e1ch h\u00e0ng.<\/p>\n\t\t<\/div>\n\t\t\t\t\t<\/div>\n\n\t\n\n\t<div id=\"col-1020381272\" class=\"col small-12 large-12\"  >\n\t\t\t\t<div class=\"col-inner\"  >\n\t\t\t\n\t\t\t\n<h3>\u0110a d\u1ea1ng l\u1ed9 tr\u00ecnh di chuy\u1ec3n<\/h3>\n\t<div id=\"gap-495806725\" class=\"gap-element clearfix\" style=\"display:block; height:auto;\">\n\t\t\n<style>\n#gap-495806725 {\n  padding-top: 5px;\n}\n<\/style>\n\t<\/div>\n\t\n\n\t\t<div class=\"icon-box featured-box icon-box-left text-left\"  >\n\t\t\t\t\t<div class=\"icon-box-img\" style=\"width: 20px\">\n\t\t\t\t<div class=\"icon\">\n\t\t\t\t\t<div class=\"icon-inner\" >\n\t\t\t\t\t\t<img loading=\"lazy\" decoding=\"async\" width=\"1\" height=\"1\" src=\"https:\/\/ktech9.k-tech-services.com\/project602\/wp-content\/uploads\/2026\/04\/svgexport-1-2026-02-09T145033.260-1.svg\" class=\"attachment-medium size-medium\" alt=\"\" \/>\t\t\t\t\t<\/div>\n\t\t\t\t<\/div>\n\t\t\t<\/div>\n\t\t\t\t<div class=\"icon-box-text last-reset\">\n\t\t\t\t\t\t\t\t\t\n<p>S\u00e2n bay \u2192 trung t\u00e2m th\u00e0nh ph\u1ed1<\/p>\n\t\t<\/div>\n\t<\/div>\n\t\n\t\n\n\t\t<div class=\"icon-box featured-box icon-box-left text-left\"  >\n\t\t\t\t\t<div class=\"icon-box-img\" style=\"width: 20px\">\n\t\t\t\t<div class=\"icon\">\n\t\t\t\t\t<div class=\"icon-inner\" >\n\t\t\t\t\t\t<img loading=\"lazy\" decoding=\"async\" width=\"1\" height=\"1\" src=\"https:\/\/ktech9.k-tech-services.com\/project602\/wp-content\/uploads\/2026\/04\/svgexport-1-2026-02-09T145033.260-1.svg\" class=\"attachment-medium size-medium\" alt=\"\" \/>\t\t\t\t\t<\/div>\n\t\t\t\t<\/div>\n\t\t\t<\/div>\n\t\t\t\t<div class=\"icon-box-text last-reset\">\n\t\t\t\t\t\t\t\t\t\n<p>S\u00e2n bay \u2192 kh\u00e1ch s\u1ea1n \/ resort<\/p>\n\t\t<\/div>\n\t<\/div>\n\t\n\t\n\n\t\t<div class=\"icon-box featured-box icon-box-left text-left\"  >\n\t\t\t\t\t<div class=\"icon-box-img\" style=\"width: 20px\">\n\t\t\t\t<div class=\"icon\">\n\t\t\t\t\t<div class=\"icon-inner\" >\n\t\t\t\t\t\t<img loading=\"lazy\" decoding=\"async\" width=\"1\" height=\"1\" src=\"https:\/\/ktech9.k-tech-services.com\/project602\/wp-content\/uploads\/2026\/04\/svgexport-1-2026-02-09T145033.260-1.svg\" class=\"attachment-medium size-medium\" alt=\"\" \/>\t\t\t\t\t<\/div>\n\t\t\t\t<\/div>\n\t\t\t<\/div>\n\t\t\t\t<div class=\"icon-box-text last-reset\">\n\t\t\t\t\t\t\t\t\t\n<p>S\u00e2n bay \u2192 t\u1ec9nh, khu du l\u1ecbch, khu c\u00f4ng nghi\u1ec7p<\/p>\n\t\t<\/div>\n\t<\/div>\n\t\n\t\n\n\t\t<div class=\"icon-box featured-box icon-box-left text-left\"  >\n\t\t\t\t\t<div class=\"icon-box-img\" style=\"width: 20px\">\n\t\t\t\t<div class=\"icon\">\n\t\t\t\t\t<div class=\"icon-inner\" >\n\t\t\t\t\t\t<img loading=\"lazy\" decoding=\"async\" width=\"1\" height=\"1\" src=\"https:\/\/ktech9.k-tech-services.com\/project602\/wp-content\/uploads\/2026\/04\/svgexport-1-2026-02-09T145033.260-1.svg\" class=\"attachment-medium size-medium\" alt=\"\" \/>\t\t\t\t\t<\/div>\n\t\t\t\t<\/div>\n\t\t\t<\/div>\n\t\t\t\t<div class=\"icon-box-text last-reset\">\n\t\t\t\t\t\t\t\t\t\n<p>\u0110\u00f3n \u2013 ti\u1ec5n kh\u1ee9 h\u1ed3i theo y\u00eau c\u1ea7u<\/p>\n\t\t<\/div>\n\t<\/div>\n\t\n\t\n<p>\ud83d\udc49 Nh\u1eb1m mang \u0111\u1ebfn tr\u1ea3i nghi\u1ec7m d\u1ecbch v\u1ee5 tho\u1ea3i m\u00e1i v\u00e0 an t\u00e2m cho kh\u00e1ch h\u00e0ng.<\/p>\n\t\t<\/div>\n\t\t\t\t\t<\/div>\n\n\t\n\n\t<div id=\"col-1017661515\" class=\"col small-12 large-12\"  >\n\t\t\t\t<div class=\"col-inner\"  >\n\t\t\t\n\t\t\t\n\n\t\t<div class=\"icon-box featured-box icon-box-left text-left\"  >\n\t\t\t\t\t<div class=\"icon-box-img\" style=\"width: 32px\">\n\t\t\t\t<div class=\"icon\">\n\t\t\t\t\t<div class=\"icon-inner\" >\n\t\t\t\t\t\t<img loading=\"lazy\" decoding=\"async\" width=\"1\" height=\"1\" src=\"https:\/\/ktech9.k-tech-services.com\/project602\/wp-content\/uploads\/2026\/04\/Frame60.svg\" class=\"attachment-medium size-medium\" alt=\"\" \/>\t\t\t\t\t<\/div>\n\t\t\t\t<\/div>\n\t\t\t<\/div>\n\t\t\t\t<div class=\"icon-box-text last-reset\">\n\t\t\t\t\t\t\t\t\t\n<h3>Ch\u1ee7 \u0111\u1ed9ng th\u1eddi gian \u2013 kh\u00f4ng lo ph\u00e1t sinh<\/h3>\n\t\t<\/div>\n\t<\/div>\n\t\n\t\n<ul>\n<li>Kh\u00e1ch \u0111\u01b0\u1ee3c ch\u1ee7 \u0111\u1ed9ng ch\u1ecdn gi\u1edd \u0111\u00f3n, \u0111i\u1ec3m \u0111\u1ebfn theo nhu c\u1ea7u. B\u00e1o gi\u00e1 tr\u01b0\u1edbc, r\u00f5 r\u00e0ng, kh\u00f4ng ph\u00e1t sinh chi ph\u00ed ngo\u00e0i th\u1ecfa thu\u1eadn.<\/li>\n<\/ul>\n\t<div id=\"gap-1320393600\" class=\"gap-element clearfix\" style=\"display:block; height:auto;\">\n\t\t\n<style>\n#gap-1320393600 {\n  padding-top: 10px;\n}\n<\/style>\n\t<\/div>\n\t\n\n\t\t<div class=\"icon-box featured-box icon-box-left text-left\"  >\n\t\t\t\t\t<div class=\"icon-box-img\" style=\"width: 32px\">\n\t\t\t\t<div class=\"icon\">\n\t\t\t\t\t<div class=\"icon-inner\" >\n\t\t\t\t\t\t<img loading=\"lazy\" decoding=\"async\" width=\"1\" height=\"1\" src=\"https:\/\/ktech9.k-tech-services.com\/project602\/wp-content\/uploads\/2026\/04\/Frame61.svg\" class=\"attachment-medium size-medium\" alt=\"\" \/>\t\t\t\t\t<\/div>\n\t\t\t\t<\/div>\n\t\t\t<\/div>\n\t\t\t\t<div class=\"icon-box-text last-reset\">\n\t\t\t\t\t\t\t\t\t\n<h3>Ph\u00f9 h\u1ee3p nhi\u1ec1u \u0111\u1ed1i t\u01b0\u1ee3ng kh\u00e1ch<\/h3>\n\t\t<\/div>\n\t<\/div>\n\t\n\t\n<ul>\n<li>Ph\u00f9 h\u1ee3p cho kh\u00e1ch du l\u1ecbch c\u00e1 nh\u00e2n, c\u1eb7p \u0111\u00f4i, gia \u0111\u00ecnh nh\u1ecf ho\u1eb7c kh\u00e1ch c\u00f4ng t\u00e1c<\/li>\n<\/ul>\n\t<div id=\"gap-1860969027\" class=\"gap-element clearfix\" style=\"display:block; height:auto;\">\n\t\t\n<style>\n#gap-1860969027 {\n  padding-top: 10px;\n}\n<\/style>\n\t<\/div>\n\t\n\n\t\t<div class=\"icon-box featured-box icon-box-left text-left\"  >\n\t\t\t\t\t<div class=\"icon-box-img\" style=\"width: 32px\">\n\t\t\t\t<div class=\"icon\">\n\t\t\t\t\t<div class=\"icon-inner\" >\n\t\t\t\t\t\t<img loading=\"lazy\" decoding=\"async\" width=\"1\" height=\"1\" src=\"https:\/\/ktech9.k-tech-services.com\/project602\/wp-content\/uploads\/2026\/04\/Frame61.svg\" class=\"attachment-medium size-medium\" alt=\"\" \/>\t\t\t\t\t<\/div>\n\t\t\t\t<\/div>\n\t\t\t<\/div>\n\t\t\t\t<div class=\"icon-box-text last-reset\">\n\t\t\t\t\t\t\t\t\t\n<h3>Gi\u00e1 h\u1ee3p l\u00fd \u2013 d\u1ec5 \u0111\u1eb7t xe<\/h3>\n\t\t<\/div>\n\t<\/div>\n\t\n\t\n<ul>\n<li>Gi\u00e1 c\u1ea1nh tranh, ph\u00f9 h\u1ee3p v\u1edbi nh\u00f3m \u0111\u00f4ng so v\u1edbi g\u1ecdi nhi\u1ec1u xe nh\u1ecf. Th\u1ee7 t\u1ee5c \u0111\u1eb7t xe nhanh g\u1ecdn, h\u1ed7 tr\u1ee3 t\u01b0 v\u1ea5n l\u1ed9 tr\u00ecnh tr\u01b0\u1edbc chuy\u1ebfn \u0111i<\/li>\n<\/ul>\n\t\t<\/div>\n\t\t\t\t\t<\/div>\n\n\t\n<\/div>\n","protected":false},"excerpt":{"rendered":"<p>\u0110\u1eb7t ngay xe 16 ch\u1ed7 \u0111\u1ec3 \u0111\u1ebfn \u0111\u00f3n b\u1ea1n ngay b\u00e2y gi\u1edd<\/p>\n","protected":false},"featured_media":297,"template":"","meta":{"_acf_changed":false},"product_brand":[],"product_cat":[39],"product_tag":[],"class_list":{"0":"post-397","1":"product","2":"type-product","3":"status-publish","4":"has-post-thumbnail","6":"product_cat-dich-vu-di-chuyen","8":"first","9":"instock","10":"shipping-taxable","11":"purchasable","12":"product-type-simple"},"acf":[],"_links":{"self":[{"href":"https:\/\/ktech9.k-tech-services.com\/project602\/wp-json\/wp\/v2\/product\/397","targetHints":{"allow":["GET"]}}],"collection":[{"href":"https:\/\/ktech9.k-tech-services.com\/project602\/wp-json\/wp\/v2\/product"}],"about":[{"href":"https:\/\/ktech9.k-tech-services.com\/project602\/wp-json\/wp\/v2\/types\/product"}],"wp:featuredmedia":[{"embeddable":true,"href":"https:\/\/ktech9.k-tech-services.com\/project602\/wp-json\/wp\/v2\/media\/297"}],"wp:attachment":[{"href":"https:\/\/ktech9.k-tech-services.com\/project602\/wp-json\/wp\/v2\/media?parent=397"}],"wp:term":[{"taxonomy":"product_brand","embeddable":true,"href":"https:\/\/ktech9.k-tech-services.com\/project602\/wp-json\/wp\/v2\/product_brand?post=397"},{"taxonomy":"product_cat","embeddable":true,"href":"https:\/\/ktech9.k-tech-services.com\/project602\/wp-json\/wp\/v2\/product_cat?post=397"},{"taxonomy":"product_tag","embeddable":true,"href":"https:\/\/ktech9.k-tech-services.com\/project602\/wp-json\/wp\/v2\/product_tag?post=397"}],"curies":[{"name":"wp","href":"https:\/\/api.w.org\/{rel}","templated":true}]}}