{"id":402,"date":"2026-04-06T01:50:24","date_gmt":"2026-04-05T18:50:24","guid":{"rendered":"https:\/\/ktech9.k-tech-services.com\/project602\/?post_type=product&#038;p=402"},"modified":"2026-04-06T01:50:58","modified_gmt":"2026-04-05T18:50:58","slug":"the-aston-vill-hotel-4","status":"publish","type":"product","link":"https:\/\/ktech9.k-tech-services.com\/project602\/san-pham\/the-aston-vill-hotel-4\/","title":{"rendered":"The Aston Vill Hotel"},"content":{"rendered":"<div class=\"row\"  id=\"row-1164274588\">\n\n\t<div id=\"col-776276296\" class=\"col small-12 large-12\"  >\n\t\t\t\t<div class=\"col-inner\"  >\n\t\t\t\n\t\t\t\n<h3>M\u00f4 t\u1ea3<\/h3>\n<p>Kh\u00e1ch s\u1ea1n t\u1ecda l\u1ea1c t\u1ea1i v\u1ecb tr\u00ed trung t\u00e2m, d\u1ec5 d\u00e0ng di chuy\u1ec3n \u0111\u1ebfn c\u00e1c \u0111i\u1ec3m tham quan, khu mua s\u1eafm v\u00e0 \u0103n u\u1ed1ng n\u1ed5i ti\u1ebfng. Ph\u00f9 h\u1ee3p cho c\u1ea3 kh\u00e1ch du l\u1ecbch ngh\u1ec9 d\u01b0\u1ee1ng l\u1eabn kh\u00e1ch \u0111i c\u00f4ng t\u00e1c c\u1ea7n s\u1ef1 thu\u1eadn ti\u1ec7n v\u00e0 ti\u1ebft ki\u1ec7m th\u1eddi gian.<\/p>\n<p>H\u1ec7 th\u1ed1ng ph\u00f2ng \u0111\u01b0\u1ee3c thi\u1ebft k\u1ebf s\u1ea1ch s\u1ebd, tho\u00e1ng m\u00e1t, \u0111\u1ea7y \u0111\u1ee7 ti\u1ec7n nghi nh\u01b0 m\u00e1y l\u1ea1nh, TV, wifi t\u1ed1c \u0111\u1ed9 cao, ph\u00f2ng t\u1eafm ri\u00eang. Kh\u00f4ng gian y\u00ean t\u0129nh, gi\u01b0\u1eddng \u00eam, mang l\u1ea1i c\u1ea3m gi\u00e1c th\u01b0 gi\u00e3n sau m\u1ed9t ng\u00e0y d\u00e0i di chuy\u1ec3n.<\/p>\n\t\t<\/div>\n\t\t\t\t\t<\/div>\n\n\t\n\n\t<div id=\"col-875410924\" class=\"col small-12 large-12\"  >\n\t\t\t\t<div class=\"col-inner\"  >\n\t\t\t\n\t\t\t\n<h3>D\u1ecbch v\u1ee5 &amp; ti\u1ec7n \u00edch \u0111i k\u00e8m<\/h3>\n\t<div id=\"gap-105563851\" class=\"gap-element clearfix\" style=\"display:block; height:auto;\">\n\t\t\n<style>\n#gap-105563851 {\n  padding-top: 5px;\n}\n<\/style>\n\t<\/div>\n\t\n\n\t\t<div class=\"icon-box featured-box icon-box-left text-left\"  >\n\t\t\t\t\t<div class=\"icon-box-img\" style=\"width: 20px\">\n\t\t\t\t<div class=\"icon\">\n\t\t\t\t\t<div class=\"icon-inner\" >\n\t\t\t\t\t\t<img loading=\"lazy\" decoding=\"async\" width=\"1\" height=\"1\" src=\"https:\/\/ktech9.k-tech-services.com\/project602\/wp-content\/uploads\/2026\/04\/svgexport-1-2026-02-09T145033.260-1.svg\" class=\"attachment-medium size-medium\" alt=\"\" \/>\t\t\t\t\t<\/div>\n\t\t\t\t<\/div>\n\t\t\t<\/div>\n\t\t\t\t<div class=\"icon-box-text last-reset\">\n\t\t\t\t\t\t\t\t\t\n<p>Kh\u00e1ch s\u1ea1n cung c\u1ea5p l\u1ec5 t\u00e2n 24\/7,<\/p>\n\t\t<\/div>\n\t<\/div>\n\t\n\t\n\n\t\t<div class=\"icon-box featured-box icon-box-left text-left\"  >\n\t\t\t\t\t<div class=\"icon-box-img\" style=\"width: 20px\">\n\t\t\t\t<div class=\"icon\">\n\t\t\t\t\t<div class=\"icon-inner\" >\n\t\t\t\t\t\t<img loading=\"lazy\" decoding=\"async\" width=\"1\" height=\"1\" src=\"https:\/\/ktech9.k-tech-services.com\/project602\/wp-content\/uploads\/2026\/04\/svgexport-1-2026-02-09T145033.260-1.svg\" class=\"attachment-medium size-medium\" alt=\"\" \/>\t\t\t\t\t<\/div>\n\t\t\t\t<\/div>\n\t\t\t<\/div>\n\t\t\t\t<div class=\"icon-box-text last-reset\">\n\t\t\t\t\t\t\t\t\t\n<p>H\u1ed7 tr\u1ee3 g\u1eedi h\u00e0nh l\u00fd<\/p>\n\t\t<\/div>\n\t<\/div>\n\t\n\t\n\n\t\t<div class=\"icon-box featured-box icon-box-left text-left\"  >\n\t\t\t\t\t<div class=\"icon-box-img\" style=\"width: 20px\">\n\t\t\t\t<div class=\"icon\">\n\t\t\t\t\t<div class=\"icon-inner\" >\n\t\t\t\t\t\t<img loading=\"lazy\" decoding=\"async\" width=\"1\" height=\"1\" src=\"https:\/\/ktech9.k-tech-services.com\/project602\/wp-content\/uploads\/2026\/04\/svgexport-1-2026-02-09T145033.260-1.svg\" class=\"attachment-medium size-medium\" alt=\"\" \/>\t\t\t\t\t<\/div>\n\t\t\t\t<\/div>\n\t\t\t<\/div>\n\t\t\t\t<div class=\"icon-box-text last-reset\">\n\t\t\t\t\t\t\t\t\t\n<p>D\u1ecdn ph\u00f2ng h\u1eb1ng ng\u00e0y<\/p>\n\t\t<\/div>\n\t<\/div>\n\t\n\t\n\n\t\t<div class=\"icon-box featured-box icon-box-left text-left\"  >\n\t\t\t\t\t<div class=\"icon-box-img\" style=\"width: 20px\">\n\t\t\t\t<div class=\"icon\">\n\t\t\t\t\t<div class=\"icon-inner\" >\n\t\t\t\t\t\t<img loading=\"lazy\" decoding=\"async\" width=\"1\" height=\"1\" src=\"https:\/\/ktech9.k-tech-services.com\/project602\/wp-content\/uploads\/2026\/04\/svgexport-1-2026-02-09T145033.260-1.svg\" class=\"attachment-medium size-medium\" alt=\"\" \/>\t\t\t\t\t<\/div>\n\t\t\t\t<\/div>\n\t\t\t<\/div>\n\t\t\t\t<div class=\"icon-box-text last-reset\">\n\t\t\t\t\t\t\t\t\t\n<p>C\u00e1c d\u1ecbch v\u1ee5 h\u1ed7 tr\u1ee3 kh\u00e1c<\/p>\n\t\t<\/div>\n\t<\/div>\n\t\n\t\n<p>\ud83d\udc49 Nh\u1eb1m mang \u0111\u1ebfn tr\u1ea3i nghi\u1ec7m l\u01b0u tr\u00fa tho\u1ea3i m\u00e1i v\u00e0 an t\u00e2m cho kh\u00e1ch h\u00e0ng.<\/p>\n\t\t<\/div>\n\t\t\t\t\t<\/div>\n\n\t\n\n\t<div id=\"col-462526625\" class=\"col small-12 large-12\"  >\n\t\t\t\t<div class=\"col-inner\"  >\n\t\t\t\n\t\t\t\n\n\t\t<div class=\"icon-box featured-box icon-box-left text-left\"  >\n\t\t\t\t\t<div class=\"icon-box-img\" style=\"width: 32px\">\n\t\t\t\t<div class=\"icon\">\n\t\t\t\t\t<div class=\"icon-inner\" >\n\t\t\t\t\t\t<img loading=\"lazy\" decoding=\"async\" width=\"1\" height=\"1\" src=\"https:\/\/ktech9.k-tech-services.com\/project602\/wp-content\/uploads\/2026\/04\/Frame33.svg\" class=\"attachment-medium size-medium\" alt=\"\" \/>\t\t\t\t\t<\/div>\n\t\t\t\t<\/div>\n\t\t\t<\/div>\n\t\t\t\t<div class=\"icon-box-text last-reset\">\n\t\t\t\t\t\t\t\t\t\n<h3>Khu v\u1ef1c \u0103n u\u1ed1ng &amp; ti\u1ec7n \u00edch xung quanh<\/h3>\n\t\t<\/div>\n\t<\/div>\n\t\n\t\n<ul>\n<li>Xung quanh kh\u00e1ch s\u1ea1n c\u00f3 nhi\u1ec1u qu\u00e1n \u0103n, c\u00e0 ph\u00ea, c\u1eeda h\u00e0ng ti\u1ec7n l\u1ee3i. Kh\u00e1ch d\u1ec5 d\u00e0ng tr\u1ea3i nghi\u1ec7m \u1ea9m th\u1ef1c \u0111\u1ecba ph\u01b0\u01a1ng ho\u1eb7c mua s\u1eafm c\u00e1c nhu y\u1ebfu ph\u1ea9m c\u1ea7n thi\u1ebft.<\/li>\n<\/ul>\n\t<div id=\"gap-1465492733\" class=\"gap-element clearfix\" style=\"display:block; height:auto;\">\n\t\t\n<style>\n#gap-1465492733 {\n  padding-top: 10px;\n}\n<\/style>\n\t<\/div>\n\t\n\n\t\t<div class=\"icon-box featured-box icon-box-left text-left\"  >\n\t\t\t\t\t<div class=\"icon-box-img\" style=\"width: 32px\">\n\t\t\t\t<div class=\"icon\">\n\t\t\t\t\t<div class=\"icon-inner\" >\n\t\t\t\t\t\t<img loading=\"lazy\" decoding=\"async\" width=\"1\" height=\"1\" src=\"https:\/\/ktech9.k-tech-services.com\/project602\/wp-content\/uploads\/2026\/04\/Frame61.svg\" class=\"attachment-medium size-medium\" alt=\"\" \/>\t\t\t\t\t<\/div>\n\t\t\t\t<\/div>\n\t\t\t<\/div>\n\t\t\t\t<div class=\"icon-box-text last-reset\">\n\t\t\t\t\t\t\t\t\t\n<h3>Ph\u00f9 h\u1ee3p nhi\u1ec1u \u0111\u1ed1i t\u01b0\u1ee3ng kh\u00e1ch<\/h3>\n\t\t<\/div>\n\t<\/div>\n\t\n\t\n<ul>\n<li>Ph\u00f9 h\u1ee3p cho kh\u00e1ch du l\u1ecbch c\u00e1 nh\u00e2n, c\u1eb7p \u0111\u00f4i, gia \u0111\u00ecnh nh\u1ecf ho\u1eb7c kh\u00e1ch c\u00f4ng t\u00e1c. Kh\u00f4ng gian th\u00e2n thi\u1ec7n, d\u1ec5 \u1edf, \u0111\u00e1p \u1ee9ng t\u1ed1t nhu c\u1ea7u l\u01b0u tr\u00fa ng\u1eafn ng\u00e0y v\u00e0 d\u00e0i ng\u00e0y.<\/li>\n<\/ul>\n\t<div id=\"gap-357693499\" class=\"gap-element clearfix\" style=\"display:block; height:auto;\">\n\t\t\n<style>\n#gap-357693499 {\n  padding-top: 10px;\n}\n<\/style>\n\t<\/div>\n\t\n\n\t\t<div class=\"icon-box featured-box icon-box-left text-left\"  >\n\t\t\t\t\t<div class=\"icon-box-img\" style=\"width: 32px\">\n\t\t\t\t<div class=\"icon\">\n\t\t\t\t\t<div class=\"icon-inner\" >\n\t\t\t\t\t\t<img loading=\"lazy\" decoding=\"async\" width=\"1\" height=\"1\" src=\"https:\/\/ktech9.k-tech-services.com\/project602\/wp-content\/uploads\/2026\/04\/Frame62.svg\" class=\"attachment-medium size-medium\" alt=\"\" \/>\t\t\t\t\t<\/div>\n\t\t\t\t<\/div>\n\t\t\t<\/div>\n\t\t\t\t<div class=\"icon-box-text last-reset\">\n\t\t\t\t\t\t\t\t\t\n<h3>M\u1ee9c gi\u00e1 t\u1ed1t nh\u1ea5t<\/h3>\n\t\t<\/div>\n\t<\/div>\n\t\n\t\n<ul>\n<li>M\u1ee9c gi\u00e1 c\u1ea1nh tranh, r\u00f5 r\u00e0ng, ph\u00f9 h\u1ee3p v\u1edbi nhi\u1ec1u ng\u00e2n s\u00e1ch. Th\u1ee7 t\u1ee5c \u0111\u1eb7t ph\u00f2ng nhanh g\u1ecdn, h\u1ed7 tr\u1ee3 t\u01b0 v\u1ea5n chi ti\u1ebft tr\u01b0\u1edbc khi nh\u1eadn ph\u00f2ng.<\/li>\n<\/ul>\n\t\t<\/div>\n\t\t\t\t\t<\/div>\n\n\t\n<\/div>\n","protected":false},"excerpt":{"rendered":"","protected":false},"featured_media":290,"template":"","meta":{"_acf_changed":false},"product_brand":[],"product_cat":[21,19,18],"product_tag":[],"class_list":{"0":"post-402","1":"product","2":"type-product","3":"status-publish","4":"has-post-thumbnail","6":"product_cat-apart","7":"product_cat-hotel","8":"product_cat-khach-san","10":"first","11":"instock","12":"shipping-taxable","13":"purchasable","14":"product-type-simple"},"acf":[],"_links":{"self":[{"href":"https:\/\/ktech9.k-tech-services.com\/project602\/wp-json\/wp\/v2\/product\/402","targetHints":{"allow":["GET"]}}],"collection":[{"href":"https:\/\/ktech9.k-tech-services.com\/project602\/wp-json\/wp\/v2\/product"}],"about":[{"href":"https:\/\/ktech9.k-tech-services.com\/project602\/wp-json\/wp\/v2\/types\/product"}],"wp:featuredmedia":[{"embeddable":true,"href":"https:\/\/ktech9.k-tech-services.com\/project602\/wp-json\/wp\/v2\/media\/290"}],"wp:attachment":[{"href":"https:\/\/ktech9.k-tech-services.com\/project602\/wp-json\/wp\/v2\/media?parent=402"}],"wp:term":[{"taxonomy":"product_brand","embeddable":true,"href":"https:\/\/ktech9.k-tech-services.com\/project602\/wp-json\/wp\/v2\/product_brand?post=402"},{"taxonomy":"product_cat","embeddable":true,"href":"https:\/\/ktech9.k-tech-services.com\/project602\/wp-json\/wp\/v2\/product_cat?post=402"},{"taxonomy":"product_tag","embeddable":true,"href":"https:\/\/ktech9.k-tech-services.com\/project602\/wp-json\/wp\/v2\/product_tag?post=402"}],"curies":[{"name":"wp","href":"https:\/\/api.w.org\/{rel}","templated":true}]}}