{"id":75,"date":"2026-03-11T22:44:22","date_gmt":"2026-03-11T15:44:22","guid":{"rendered":"https:\/\/ktech9.k-tech-services.com\/project602\/?post_type=product&#038;p=75"},"modified":"2026-04-05T02:32:11","modified_gmt":"2026-04-04T19:32:11","slug":"ve-thuy-cung-lotte-world-ha-noi-2","status":"publish","type":"product","link":"https:\/\/ktech9.k-tech-services.com\/project602\/san-pham\/ve-thuy-cung-lotte-world-ha-noi-2\/","title":{"rendered":"V\u00e9 Thu\u1ef7 Cung Lotte World H\u00e0 N\u1ed9i"},"content":{"rendered":"<div class=\"row\"  id=\"row-880326589\">\n\n\t<div id=\"col-1404819370\" class=\"col small-12 large-12\"  >\n\t\t\t\t<div class=\"col-inner\"  >\n\t\t\t\n\t\t\t\n<h3>M\u00f4 t\u1ea3<\/h3>\n<p>\u0110i\u1ec3m n\u1ed5i b\u1eadt<\/p>\n<ul>\n<li>Kh\u00e1m ph\u00e1 th\u1ebf gi\u1edbi d\u01b0\u1edbi l\u00f2ng \u0111\u1ea5t c\u1ee7a m\u1ea1ng l\u01b0\u1edbi \u0111\u1ecba \u0111\u1ea1o ph\u1ee9c t\u1ea1p c\u1ee7a Vi\u1ec7t Nam khi b\u1ea1n \u0111\u1eb7t tour n\u00e0y<\/li>\n<li>T\u00ecm hi\u1ec3u v\u1ec1 cu\u1ed9c s\u1ed1ng ph\u1ee9c t\u1ea1p v\u00e0 v\u00f4 c\u00f9ng s\u00e1ng t\u1ea1o c\u1ee7a nh\u1eefng ng\u01b0\u1eddi l\u00ednh s\u1ed1ng d\u01b0\u1edbi \u0111\u1ecba \u0111\u1ea1o<\/li>\n<li>Du l\u1ecbch v\u00f2ng quanh \u0110\u1ecba \u0110\u1ea1o C\u1ee7 Chi v\u00e0 H\u1ed3 Ch\u00ed Minh tr\u00ean chi\u1ebfc xe limousine sang tr\u1ecdng, hi\u1ec7n \u0111\u1ea1i<\/li>\n<li>Chi\u00eam ng\u01b0\u1ee1ng v\u1ebb \u0111\u1eb9p c\u1ee7a s\u00f4ng C\u1eedu Long khi b\u1ea1n \u0111i thuy\u1ec1n d\u1ecdc s\u00f4ng v\u1edbi h\u01b0\u1edbng d\u1eabn vi\u00ean th\u00e2n thi\u1ec7n<\/li>\n<li>Kh\u00e1m ph\u00e1 \u0111\u1eddi s\u1ed1ng th\u01b0\u1eddng ng\u00e0y c\u1ee7a ng\u01b0\u1eddi d\u00e2n \u0111\u1ecba ph\u01b0\u01a1ng khi b\u1ea1n gh\u00e9 qua m\u1ed9t trang tr\u1ea1i, m\u1ed9t ng\u00f4i l\u00e0ng nh\u1ecf v\u00e0 h\u01a1n th\u1ebf n\u1eefa!<\/li>\n<\/ul>\n\t\t<\/div>\n\t\t\t\t\t<\/div>\n\n\t\n\n\t<div id=\"col-743875686\" class=\"col schedule small-12 large-12\"  >\n\t\t\t\t<div class=\"col-inner\"  >\n\t\t\t\n\t\t\t\n<h3>L\u1ecbch tr\u00ecnh<\/h3>\n\n\t\t<div class=\"icon-box featured-box icon-box-left text-left\"  >\n\t\t\t\t\t<div class=\"icon-box-img\" style=\"width: 20px\">\n\t\t\t\t<div class=\"icon\">\n\t\t\t\t\t<div class=\"icon-inner\" >\n\t\t\t\t\t\t<svg width=\"16\" height=\"16\" viewBox=\"0 0 16 16\" fill=\"none\" xmlns=\"http:\/\/www.w3.org\/2000\/svg\">\n<g clip-path=\"url(#clip0_169_2301)\">\n<path fill-rule=\"evenodd\" clip-rule=\"evenodd\" d=\"M12.9227 15.1654C13.3267 15.1654 13.7027 14.956 13.9154 14.612C14.1274 14.268 14.1467 13.8387 13.9661 13.4767C13.1981 11.94 11.7821 9.1087 11.7821 9.1087C11.6974 8.93936 11.5241 8.83203 11.3347 8.83203C11.1454 8.83203 10.9721 8.93936 10.8874 9.1087L8.22072 14.442C8.14339 14.5967 8.15139 14.7807 8.24272 14.928C8.33405 15.0754 8.49472 15.1654 8.66805 15.1654H12.9227Z\" fill=\"black\"\/>\n<path fill-rule=\"evenodd\" clip-rule=\"evenodd\" d=\"M12.2998 4.06406L13.3331 3.2894L14.3665 4.06406C14.5871 4.2294 14.9011 4.18473 15.0665 3.96406C15.2318 3.7434 15.1871 3.4294 14.9665 3.26406L13.6331 2.26406C13.4551 2.13073 13.2111 2.13073 13.0331 2.26406L11.6998 3.26406C11.4791 3.4294 11.4345 3.7434 11.5998 3.96406C11.7651 4.18473 12.0791 4.2294 12.2998 4.06406Z\" fill=\"black\"\/>\n<path fill-rule=\"evenodd\" clip-rule=\"evenodd\" d=\"M6.96777 2.73203L8.00111 1.95736L9.03444 2.73203C9.25511 2.89736 9.56911 2.8527 9.73444 2.63203C9.89977 2.41136 9.85511 2.09736 9.63444 1.93203L8.30111 0.932031C8.12311 0.798698 7.87911 0.798698 7.70111 0.932031L6.36777 1.93203C6.14711 2.09736 6.10244 2.41136 6.26777 2.63203C6.43311 2.8527 6.74711 2.89736 6.96777 2.73203Z\" fill=\"black\"\/>\n<path fill-rule=\"evenodd\" clip-rule=\"evenodd\" d=\"M1.63379 4.06406L2.66712 3.2894L3.70046 4.06406C3.92112 4.2294 4.23512 4.18473 4.40046 3.96406C4.56579 3.7434 4.52112 3.4294 4.30046 3.26406L2.96712 2.26406C2.78912 2.13073 2.54512 2.13073 2.36712 2.26406L1.03379 3.26406C0.813123 3.4294 0.768456 3.7434 0.93379 3.96406C1.09912 4.18473 1.41312 4.2294 1.63379 4.06406Z\" fill=\"black\"\/>\n<path fill-rule=\"evenodd\" clip-rule=\"evenodd\" d=\"M12.2998 6.06406L13.3331 5.2894L14.3665 6.06406C14.5871 6.2294 14.9011 6.18473 15.0665 5.96406C15.2318 5.7434 15.1871 5.4294 14.9665 5.26406L13.6331 4.26406C13.4551 4.13073 13.2111 4.13073 13.0331 4.26406L11.6998 5.26406C11.4791 5.4294 11.4345 5.7434 11.5998 5.96406C11.7651 6.18473 12.0791 6.2294 12.2998 6.06406Z\" fill=\"black\"\/>\n<path fill-rule=\"evenodd\" clip-rule=\"evenodd\" d=\"M6.96777 4.73203L8.00111 3.95736L9.03444 4.73203C9.25511 4.89736 9.56911 4.8527 9.73444 4.63203C9.89977 4.41136 9.85511 4.09736 9.63444 3.93203L8.30111 2.93203C8.12311 2.7987 7.87911 2.7987 7.70111 2.93203L6.36777 3.93203C6.14711 4.09736 6.10244 4.41136 6.26777 4.63203C6.43311 4.8527 6.74711 4.89736 6.96777 4.73203Z\" fill=\"black\"\/>\n<path fill-rule=\"evenodd\" clip-rule=\"evenodd\" d=\"M1.63379 6.06406L2.66712 5.2894L3.70046 6.06406C3.92112 6.2294 4.23512 6.18473 4.40046 5.96406C4.56579 5.7434 4.52112 5.4294 4.30046 5.26406L2.96712 4.26406C2.78912 4.13073 2.54512 4.13073 2.36712 4.26406L1.03379 5.26406C0.813123 5.4294 0.768456 5.7434 0.93379 5.96406C1.09912 6.18473 1.41312 6.2294 1.63379 6.06406Z\" fill=\"black\"\/>\n<path fill-rule=\"evenodd\" clip-rule=\"evenodd\" d=\"M12.2998 8.06406L13.3331 7.2894L14.3665 8.06406C14.5871 8.2294 14.9011 8.18473 15.0665 7.96406C15.2318 7.7434 15.1871 7.4294 14.9665 7.26406L13.6331 6.26406C13.4551 6.13073 13.2111 6.13073 13.0331 6.26406L11.6998 7.26406C11.4791 7.4294 11.4345 7.7434 11.5998 7.96406C11.7651 8.18473 12.0791 8.2294 12.2998 8.06406Z\" fill=\"black\"\/>\n<path fill-rule=\"evenodd\" clip-rule=\"evenodd\" d=\"M6.96777 6.73203L8.00111 5.95736L9.03444 6.73203C9.25511 6.89736 9.56911 6.8527 9.73444 6.63203C9.89977 6.41136 9.85511 6.09736 9.63444 5.93203L8.30111 4.93203C8.12311 4.7987 7.87911 4.7987 7.70111 4.93203L6.36777 5.93203C6.14711 6.09736 6.10244 6.41136 6.26777 6.63203C6.43311 6.8527 6.74711 6.89736 6.96777 6.73203Z\" fill=\"black\"\/>\n<path fill-rule=\"evenodd\" clip-rule=\"evenodd\" d=\"M1.63379 8.06406L2.66712 7.2894L3.70046 8.06406C3.92112 8.2294 4.23512 8.18473 4.40046 7.96406C4.56579 7.7434 4.52112 7.4294 4.30046 7.26406L2.96712 6.26406C2.78912 6.13073 2.54512 6.13073 2.36712 6.26406L1.03379 7.26406C0.813123 7.4294 0.768456 7.7434 0.93379 7.96406C1.09912 8.18473 1.41312 8.2294 1.63379 8.06406Z\" fill=\"black\"\/>\n<path fill-rule=\"evenodd\" clip-rule=\"evenodd\" d=\"M10.2792 8.83203H4.41251C3.97051 8.83203 3.56651 9.08136 3.36918 9.4767L1.36918 13.4767C1.18851 13.8387 1.20785 14.268 1.41985 14.612C1.63251 14.956 2.00851 15.1654 2.41251 15.1654H3.52451L5.21985 11.7754C5.34318 11.528 5.64385 11.428 5.89051 11.5514C6.13785 11.6747 6.23785 11.9754 6.11451 12.222L4.64318 15.1654H7.61318C7.46051 14.8434 7.46251 14.4667 7.62385 14.1434L10.2792 8.83203Z\" fill=\"black\"\/>\n<path fill-rule=\"evenodd\" clip-rule=\"evenodd\" d=\"M12.834 9.72206L13.834 11.7221V2.66406C13.834 2.38806 13.61 2.16406 13.334 2.16406C13.058 2.16406 12.834 2.38806 12.834 2.66406V9.72206Z\" fill=\"black\"\/>\n<path fill-rule=\"evenodd\" clip-rule=\"evenodd\" d=\"M7.5 8.16536H8.5V1.33203C8.5 1.05603 8.276 0.832031 8 0.832031C7.724 0.832031 7.5 1.05603 7.5 1.33203V8.16536Z\" fill=\"black\"\/>\n<path fill-rule=\"evenodd\" clip-rule=\"evenodd\" d=\"M2.16797 10.3887L2.7733 9.1774C2.87397 8.97673 3.00864 8.7994 3.16797 8.65206V2.66406C3.16797 2.38806 2.94397 2.16406 2.66797 2.16406C2.39197 2.16406 2.16797 2.38806 2.16797 2.66406V10.3887Z\" fill=\"black\"\/>\n<\/g>\n<defs>\n<clipPath id=\"clip0_169_2301\">\n<rect width=\"16\" height=\"16\" fill=\"white\"\/>\n<\/clipPath>\n<\/defs>\n<\/svg>\n\t\t\t\t\t<\/div>\n\t\t\t\t<\/div>\n\t\t\t<\/div>\n\t\t\t\t<div class=\"icon-box-text last-reset\">\n\t\t\t\t\t\t\t\t\t\n<p>Kh\u1edfi h\u00e0nh t\u1eeb: <strong>Singapore<\/strong><\/p>\n\t\t<\/div>\n\t<\/div>\n\t\n\t\n\n\t\t<div class=\"icon-box featured-box icon-box-left text-left\"  >\n\t\t\t\t\t<div class=\"icon-box-img\" style=\"width: 20px\">\n\t\t\t\t<div class=\"icon\">\n\t\t\t\t\t<div class=\"icon-inner\" >\n\t\t\t\t\t\t<svg width=\"12\" height=\"17\" viewBox=\"0 0 12 17\" fill=\"none\" xmlns=\"http:\/\/www.w3.org\/2000\/svg\">\n<path fill-rule=\"evenodd\" clip-rule=\"evenodd\" d=\"M8.82227 15.2795V16.1366C8.82227 16.4915 9.16711 16.7795 9.592 16.7795C10.0169 16.7795 10.3617 16.4915 10.3617 16.1366V15.2795C10.3617 14.9247 10.0169 14.6367 9.592 14.6367C9.16711 14.6367 8.82227 14.9247 8.82227 15.2795Z\" fill=\"black\"\/>\n<path fill-rule=\"evenodd\" clip-rule=\"evenodd\" d=\"M7.2832 0.642822V4.92831C7.2832 5.28314 7.62805 5.57113 8.05294 5.57113C8.47783 5.57113 8.82268 5.28314 8.82268 4.92831V0.642822C8.82268 0.287984 8.47783 0 8.05294 0C7.62805 0 7.2832 0.287984 7.2832 0.642822Z\" fill=\"black\"\/>\n<path fill-rule=\"evenodd\" clip-rule=\"evenodd\" d=\"M1.63867 15.2795V16.1366C1.63867 16.4915 1.98351 16.7795 2.40841 16.7795C2.8333 16.7795 3.17815 16.4915 3.17815 16.1366V15.2795C3.17815 14.9247 2.8333 14.6367 2.40841 14.6367C1.98351 14.6367 1.63867 14.9247 1.63867 15.2795Z\" fill=\"black\"\/>\n<path fill-rule=\"evenodd\" clip-rule=\"evenodd\" d=\"M3.17773 0.642822V4.92831C3.17773 5.28314 3.52258 5.57113 3.94747 5.57113C4.37237 5.57113 4.71721 5.28314 4.71721 4.92831V0.642822C4.71721 0.287984 4.37237 0 3.94747 0C3.52258 0 3.17773 0.287984 3.17773 0.642822Z\" fill=\"black\"\/>\n<path fill-rule=\"evenodd\" clip-rule=\"evenodd\" d=\"M2.92013 1.28564H9.07802C9.50292 1.28564 9.84776 0.99766 9.84776 0.642822C9.84776 0.287984 9.50292 0 9.07802 0H2.92013C2.49523 0 2.15039 0.287984 2.15039 0.642822C2.15039 0.99766 2.49523 1.28564 2.92013 1.28564Z\" fill=\"black\"\/>\n<path fill-rule=\"evenodd\" clip-rule=\"evenodd\" d=\"M12 5.39856C12 4.22256 10.9058 3.26953 9.55556 3.26953H2.44444C1.09422 3.26953 0 4.22256 0 5.39856V13.1405C0 14.3165 1.09422 15.2695 2.44444 15.2695H9.55556C10.9058 15.2695 12 14.3165 12 13.1405V5.39856ZM5.33333 6.17276V12.3663C5.33333 12.6868 5.632 12.9469 6 12.9469C6.368 12.9469 6.66667 12.6868 6.66667 12.3663V6.17276C6.66667 5.85224 6.368 5.59211 6 5.59211C5.632 5.59211 5.33333 5.85224 5.33333 6.17276ZM2.66667 6.17276V12.3663C2.66667 12.6868 2.96533 12.9469 3.33333 12.9469C3.70133 12.9469 4 12.6868 4 12.3663V6.17276C4 5.85224 3.70133 5.59211 3.33333 5.59211C2.96533 5.59211 2.66667 5.85224 2.66667 6.17276ZM8 6.17276V12.3663C8 12.6868 8.29867 12.9469 8.66667 12.9469C9.03467 12.9469 9.33333 12.6868 9.33333 12.3663V6.17276C9.33333 5.85224 9.03467 5.59211 8.66667 5.59211C8.29867 5.59211 8 5.85224 8 6.17276Z\" fill=\"black\"\/>\n<\/svg>\n\t\t\t\t\t<\/div>\n\t\t\t\t<\/div>\n\t\t\t<\/div>\n\t\t\t\t<div class=\"icon-box-text last-reset\">\n\t\t\t\t\t\t\t\t\t\n<p><strong>Singapore \u2192 Penang \u2192 Singapore<\/strong><\/p>\n\t\t<\/div>\n\t<\/div>\n\t\n\t\n\t\t<\/div>\n\t\t\t\t\t<\/div>\n\n\t\n\n\t<div id=\"col-335302673\" class=\"col progress small-12 large-12\"  >\n\t\t\t\t<div class=\"col-inner\"  >\n\t\t\t\n\t\t\t\n<h3>H\u1ea3i tr\u00ecnh<\/h3>\n<p>T\u1eeb kh\u00e1m ph\u00e1 ho\u1ea1t \u0111\u1ed9ng tr\u00ean t\u00e0u \u0111\u1ebfn th\u01b0 gi\u00e3n c\u00f9ng ng\u01b0\u1eddi th\u00e2n, du thuy\u1ec1n c\u00f3 m\u1ecdi th\u1ee9 cho t\u1ea5t c\u1ea3 m\u1ecdi ng\u01b0\u1eddi.<\/p>\n\n\t\t<div class=\"icon-box featured-box icon-box-left text-left\"  >\n\t\t\t\t\t<div class=\"icon-box-img\" style=\"width: 40px\">\n\t\t\t\t<div class=\"icon\">\n\t\t\t\t\t<div class=\"icon-inner\" >\n\t\t\t\t\t\t<img loading=\"lazy\" decoding=\"async\" width=\"1\" height=\"1\" src=\"https:\/\/ktech9.k-tech-services.com\/project602\/wp-content\/uploads\/2026\/03\/Container.svg\" class=\"attachment-medium size-medium\" alt=\"\" \/>\t\t\t\t\t<\/div>\n\t\t\t\t<\/div>\n\t\t\t<\/div>\n\t\t\t\t<div class=\"icon-box-text last-reset\">\n\t\t\t\t\t\t\t\t\t\n\t<div id=\"text-3659717045\" class=\"text\">\n\t\t\n<p><strong>Ng\u00e0y 1:Kh\u1edfi h\u00e0nh t\u1eeb Trung t\u00e2m Du thuy\u1ec1n Marina Bay, Singapore<\/strong><\/p>\n<ul>\n<li><strong>L\u00ean t\u00e0u:<\/strong> 10:00 &#8211; 15:00<\/li>\n<li><strong>Kh\u1edfi h\u00e0nh:<\/strong> 16:00<\/li>\n<\/ul>\n<p>Th\u1eddi gian l\u00ean t\u00e0u v\u00e0 kh\u1edfi h\u00e0nh c\u00f3 th\u1ec3 thay \u0111\u1ed5i t\u00f9y thu\u1ed9c v\u00e0o ng\u00e0y kh\u1edfi h\u00e0nh. T\u1ea5t c\u1ea3 th\u1eddi gian \u0111\u01b0\u1ee3c t\u00ednh theo gi\u1edd \u0111\u1ecba ph\u01b0\u01a1ng.<\/p>\n\t\t\n<style>\n#text-3659717045 {\n  color: rgb(10, 10, 10);\n}\n#text-3659717045 > * {\n  color: rgb(10, 10, 10);\n}\n<\/style>\n\t<\/div>\n\t\n\t\t<\/div>\n\t<\/div>\n\t\n\t\n\n\t\t<div class=\"icon-box featured-box icon-box-left text-left\"  >\n\t\t\t\t\t<div class=\"icon-box-img\" style=\"width: 40px\">\n\t\t\t\t<div class=\"icon\">\n\t\t\t\t\t<div class=\"icon-inner\" >\n\t\t\t\t\t\t<img loading=\"lazy\" decoding=\"async\" width=\"1\" height=\"1\" src=\"https:\/\/ktech9.k-tech-services.com\/project602\/wp-content\/uploads\/2026\/03\/Container-1.svg\" class=\"attachment-medium size-medium\" alt=\"\" \/>\t\t\t\t\t<\/div>\n\t\t\t\t<\/div>\n\t\t\t<\/div>\n\t\t\t\t<div class=\"icon-box-text last-reset\">\n\t\t\t\t\t\t\t\t\t\n\t<div id=\"text-1017089120\" class=\"text\">\n\t\t\n<p><strong>Ng\u00e0y 2:Penang, Malaysia<\/strong><\/p>\n<ul>\n<li><strong>\u0110\u00e3 c\u1eadp b\u1ebfn:<\/strong> 15:00 &#8211; 21:30<\/li>\n<\/ul>\n<p>Th\u1eddi gian c\u00f3 th\u1ec3 thay \u0111\u1ed5i t\u00f9y thu\u1ed9c v\u00e0o ng\u00e0y kh\u1edfi h\u00e0nh. T\u1ea5t c\u1ea3 th\u1eddi gian \u0111\u1ec1u l\u00e0 gi\u1edd \u0111\u1ecba ph\u01b0\u01a1ng.<\/p>\n\t\t\n<style>\n#text-1017089120 {\n  color: rgb(10, 10, 10);\n}\n#text-1017089120 > * {\n  color: rgb(10, 10, 10);\n}\n<\/style>\n\t<\/div>\n\t\n\t\t<\/div>\n\t<\/div>\n\t\n\t\n\n\t\t<div class=\"icon-box featured-box icon-box-left text-left\"  >\n\t\t\t\t\t<div class=\"icon-box-img\" style=\"width: 40px\">\n\t\t\t\t<div class=\"icon\">\n\t\t\t\t\t<div class=\"icon-inner\" >\n\t\t\t\t\t\t<img loading=\"lazy\" decoding=\"async\" width=\"1\" height=\"1\" src=\"https:\/\/ktech9.k-tech-services.com\/project602\/wp-content\/uploads\/2026\/03\/Container-2.svg\" class=\"attachment-medium size-medium\" alt=\"\" \/>\t\t\t\t\t<\/div>\n\t\t\t\t<\/div>\n\t\t\t<\/div>\n\t\t\t\t<div class=\"icon-box-text last-reset\">\n\t\t\t\t\t\t\t\t\t\n\t<div id=\"text-3114795281\" class=\"text\">\n\t\t\n<p><strong>Ng\u00e0y 3:Nh\u1eefng ng\u00e0y tr\u00ean bi\u1ec3n<\/strong><\/p>\n<p>T\u1eadn d\u1ee5ng t\u1ed1i \u0111a t\u1eebng ph\u00fat gi\u00e2y v\u1edbi c\u00e1c ho\u1ea1t \u0111\u1ed9ng th\u00fa v\u1ecb \u0111\u01b0\u1ee3c thi\u1ebft k\u1ebf \u0111\u1ec3 n\u00e2ng t\u1ea7m tr\u1ea3i nghi\u1ec7m du thuy\u1ec1n c\u1ee7a b\u1ea1n.<\/p>\n\t\t\n<style>\n#text-3114795281 {\n  color: rgb(10, 10, 10);\n}\n#text-3114795281 > * {\n  color: rgb(10, 10, 10);\n}\n<\/style>\n\t<\/div>\n\t\n\t\t<\/div>\n\t<\/div>\n\t\n\t\n\n\t\t<div class=\"icon-box featured-box icon-box-left text-left\"  >\n\t\t\t\t\t<div class=\"icon-box-img\" style=\"width: 40px\">\n\t\t\t\t<div class=\"icon\">\n\t\t\t\t\t<div class=\"icon-inner\" >\n\t\t\t\t\t\t<img loading=\"lazy\" decoding=\"async\" width=\"1\" height=\"1\" src=\"https:\/\/ktech9.k-tech-services.com\/project602\/wp-content\/uploads\/2026\/03\/Container.svg\" class=\"attachment-medium size-medium\" alt=\"\" \/>\t\t\t\t\t<\/div>\n\t\t\t\t<\/div>\n\t\t\t<\/div>\n\t\t\t\t<div class=\"icon-box-text last-reset\">\n\t\t\t\t\t\t\t\t\t\n\t<div id=\"text-2091727199\" class=\"text\">\n\t\t\n<p><strong>Ng\u00e0y 4:Trung t\u00e2m Du thuy\u1ec1n Marina Bay, Singapore<\/strong><\/p>\n<ul>\n<li><strong>\u0110\u1ebfn:<\/strong> 06:30<\/li>\n<li><strong>Xu\u1ed1ng t\u00e0u:<\/strong> 07:00<\/li>\n<\/ul>\n<p>Th\u1eddi gian c\u00f3 th\u1ec3 thay \u0111\u1ed5i t\u00f9y thu\u1ed9c v\u00e0o ng\u00e0y kh\u1edfi h\u00e0nh. T\u1ea5t c\u1ea3 th\u1eddi gian \u0111\u01b0\u1ee3c t\u00ednh theo gi\u1edd \u0111\u1ecba ph\u01b0\u01a1ng.<\/p>\n\t\t\n<style>\n#text-2091727199 {\n  color: rgb(10, 10, 10);\n}\n#text-2091727199 > * {\n  color: rgb(10, 10, 10);\n}\n<\/style>\n\t<\/div>\n\t\n\t\t<\/div>\n\t<\/div>\n\t\n\t\n\t\t<\/div>\n\t\t\t\t\t<\/div>\n\n\t\n<\/div>\n","protected":false},"excerpt":{"rendered":"<p>Tour combo with return airport transfer, City Tour, Curious Corner<\/p>\n","protected":false},"featured_media":70,"template":"","meta":{"_acf_changed":false},"product_brand":[],"product_cat":[28],"product_tag":[43,44],"class_list":{"0":"post-75","1":"product","2":"type-product","3":"status-publish","4":"has-post-thumbnail","6":"product_cat-tour","7":"product_tag-giam-5","8":"product_tag-sale--giam-20","10":"first","11":"instock","12":"shipping-taxable","13":"purchasable","14":"product-type-simple"},"acf":[],"_links":{"self":[{"href":"https:\/\/ktech9.k-tech-services.com\/project602\/wp-json\/wp\/v2\/product\/75","targetHints":{"allow":["GET"]}}],"collection":[{"href":"https:\/\/ktech9.k-tech-services.com\/project602\/wp-json\/wp\/v2\/product"}],"about":[{"href":"https:\/\/ktech9.k-tech-services.com\/project602\/wp-json\/wp\/v2\/types\/product"}],"wp:featuredmedia":[{"embeddable":true,"href":"https:\/\/ktech9.k-tech-services.com\/project602\/wp-json\/wp\/v2\/media\/70"}],"wp:attachment":[{"href":"https:\/\/ktech9.k-tech-services.com\/project602\/wp-json\/wp\/v2\/media?parent=75"}],"wp:term":[{"taxonomy":"product_brand","embeddable":true,"href":"https:\/\/ktech9.k-tech-services.com\/project602\/wp-json\/wp\/v2\/product_brand?post=75"},{"taxonomy":"product_cat","embeddable":true,"href":"https:\/\/ktech9.k-tech-services.com\/project602\/wp-json\/wp\/v2\/product_cat?post=75"},{"taxonomy":"product_tag","embeddable":true,"href":"https:\/\/ktech9.k-tech-services.com\/project602\/wp-json\/wp\/v2\/product_tag?post=75"}],"curies":[{"name":"wp","href":"https:\/\/api.w.org\/{rel}","templated":true}]}}